{"id":2816,"date":"2022-09-05T11:03:13","date_gmt":"2022-09-05T14:03:13","guid":{"rendered":"http:\/\/www.locacaodemaquinas.com.br\/site\/?post_type=product&#038;p=2816"},"modified":"2022-09-05T17:24:29","modified_gmt":"2022-09-05T20:24:29","slug":"mascara-de-solda-retina-3-0-vr-boxer-soldas","status":"publish","type":"product","link":"http:\/\/www.locacaodemaquinas.com.br\/site\/loja\/venda\/solda\/mascara-de-solda-retina-3-0-vr-boxer-soldas\/","title":{"rendered":"M\u00e1scara de Solda Retina 3.0 VR &#8211; Boxer Soldas"},"content":{"rendered":"<p><strong>PROFISSIONAL<\/strong><\/p>\n<p>M\u00e1scara de solda com fun\u00e7\u00f5es especiais para esmerilhar, sensibilidade e retardo de escurecimento regul\u00e1veis.<\/p>\n<p><strong>TRUE ACTIVE LENS<\/strong><\/p>\n<p>Alta tecnologia que escurece em 1 microssegundo. Al\u00e9m de sua bateria ser facilmente encontrada para ser substitu\u00edda.<\/p>\n","protected":false},"excerpt":{"rendered":"<p>M\u00e1scara de escurecimento autom\u00e1tico com filtro regul\u00e1vel\u00a0 em escala DIN 9 a 13.<\/p>\n<p>Modelo focado para o mercado industrial brasileiro.<\/p>\n","protected":false},"featured_media":2820,"comment_status":"open","ping_status":"closed","template":"","meta":[],"product_cat":[45,529],"product_tag":[787,786,788,319],"acf":[],"_links":{"self":[{"href":"http:\/\/www.locacaodemaquinas.com.br\/site\/wp-json\/wp\/v2\/product\/2816"}],"collection":[{"href":"http:\/\/www.locacaodemaquinas.com.br\/site\/wp-json\/wp\/v2\/product"}],"about":[{"href":"http:\/\/www.locacaodemaquinas.com.br\/site\/wp-json\/wp\/v2\/types\/product"}],"replies":[{"embeddable":true,"href":"http:\/\/www.locacaodemaquinas.com.br\/site\/wp-json\/wp\/v2\/comments?post=2816"}],"wp:featuredmedia":[{"embeddable":true,"href":"http:\/\/www.locacaodemaquinas.com.br\/site\/wp-json\/wp\/v2\/media\/2820"}],"wp:attachment":[{"href":"http:\/\/www.locacaodemaquinas.com.br\/site\/wp-json\/wp\/v2\/media?parent=2816"}],"wp:term":[{"taxonomy":"product_cat","embeddable":true,"href":"http:\/\/www.locacaodemaquinas.com.br\/site\/wp-json\/wp\/v2\/product_cat?post=2816"},{"taxonomy":"product_tag","embeddable":true,"href":"http:\/\/www.locacaodemaquinas.com.br\/site\/wp-json\/wp\/v2\/product_tag?post=2816"}],"curies":[{"name":"wp","href":"https:\/\/api.w.org\/{rel}","templated":true}]}}