{"id":2840,"date":"2022-09-06T16:31:33","date_gmt":"2022-09-06T19:31:33","guid":{"rendered":"http:\/\/www.locacaodemaquinas.com.br\/site\/?post_type=product&#038;p=2840"},"modified":"2022-09-06T16:57:29","modified_gmt":"2022-09-06T19:57:29","slug":"inversora-de-solda-touch-145-boxer-soldas","status":"publish","type":"product","link":"http:\/\/www.locacaodemaquinas.com.br\/site\/loja\/venda\/solda\/inversora-de-solda-touch-145-boxer-soldas\/","title":{"rendered":"Inversora de Solda Touch 145 &#8211; Boxer Soldas"},"content":{"rendered":"<p><strong>CARACTER\u00cdSTICAS<\/strong><\/p>\n<p class=\"title__feature\">PR\u00c1TICA E CONFORT\u00c1VEL<\/p>\n<p class=\"description__feature\">A menor m\u00e1quina da categoria. Pode ser levada a qualquer lugar e a locomo\u00e7\u00e3o torna o trabalho muito confort\u00e1vel.<\/p>\n<p class=\"title__feature\">INTELIGENTE<\/p>\n<p class=\"description__feature\">Capaz de identificar o que o soldador est\u00e1 fazendo na solda e agir com fun\u00e7\u00f5es especiais para facilitar o trabalho. A fun\u00e7\u00e3o &#8220;Hot Start&#8221; facilita bastante a abertura do arco.<\/p>\n<p class=\"title__feature\">MULTITAREFA<\/p>\n<p class=\"description__feature\">Com uma TOUCH 145, voc\u00ea poder\u00e1 derreter n\u00e3o s\u00f3 o popular E6013, mas eletrodos para soldas especiais como ferro fundido e a\u00e7o inox. Al\u00e9m dela ser capaz de soldar TIG de raspagem com uma tocha seca (opcional).<\/p>\n","protected":false},"excerpt":{"rendered":"<h3>ELETRODO\/TIG RASPAGEM | 140 A | 220 V<\/h3>\n<p>Compacta no tamanho, potente no resultado: essa \u00e9 a TOUCH 145.<\/p>\n","protected":false},"featured_media":2843,"comment_status":"open","ping_status":"closed","template":"","meta":[],"product_cat":[45,529],"product_tag":[787,353,319,792],"acf":[],"_links":{"self":[{"href":"http:\/\/www.locacaodemaquinas.com.br\/site\/wp-json\/wp\/v2\/product\/2840"}],"collection":[{"href":"http:\/\/www.locacaodemaquinas.com.br\/site\/wp-json\/wp\/v2\/product"}],"about":[{"href":"http:\/\/www.locacaodemaquinas.com.br\/site\/wp-json\/wp\/v2\/types\/product"}],"replies":[{"embeddable":true,"href":"http:\/\/www.locacaodemaquinas.com.br\/site\/wp-json\/wp\/v2\/comments?post=2840"}],"wp:featuredmedia":[{"embeddable":true,"href":"http:\/\/www.locacaodemaquinas.com.br\/site\/wp-json\/wp\/v2\/media\/2843"}],"wp:attachment":[{"href":"http:\/\/www.locacaodemaquinas.com.br\/site\/wp-json\/wp\/v2\/media?parent=2840"}],"wp:term":[{"taxonomy":"product_cat","embeddable":true,"href":"http:\/\/www.locacaodemaquinas.com.br\/site\/wp-json\/wp\/v2\/product_cat?post=2840"},{"taxonomy":"product_tag","embeddable":true,"href":"http:\/\/www.locacaodemaquinas.com.br\/site\/wp-json\/wp\/v2\/product_tag?post=2840"}],"curies":[{"name":"wp","href":"https:\/\/api.w.org\/{rel}","templated":true}]}}