{"id":2848,"date":"2022-09-06T16:55:51","date_gmt":"2022-09-06T19:55:51","guid":{"rendered":"http:\/\/www.locacaodemaquinas.com.br\/site\/?post_type=product&#038;p=2848"},"modified":"2022-09-06T17:23:18","modified_gmt":"2022-09-06T20:23:18","slug":"inversora-de-solda-touch-145-boxer-soldas-copia","status":"publish","type":"product","link":"http:\/\/www.locacaodemaquinas.com.br\/site\/loja\/venda\/solda\/inversora-de-solda-touch-145-boxer-soldas-copia\/","title":{"rendered":"Inversora de Solda Flama 161 BV &#8211; Boxer Soldas"},"content":{"rendered":"<p><strong>CARACTER\u00cdSTICAS<\/strong><\/p>\n<p class=\"title__feature\">SOLDA SEM DESCANSO<\/p>\n<p class=\"description__feature\">Todos os modelos da linha FLAMA possuem o selo \u201csem parar\u201d para soldar determinada bitola de eletrodo sem que a m\u00e1quina precise parar para descansar e atrasar o seu trabalho. O eletrodo de 2.5 mm \u00e9 a bitola recomendada para a FLAMA 161 BV.<\/p>\n<p class=\"title__feature\">INTELIGENTE<\/p>\n<p class=\"description__feature\">Essa linha de m\u00e1quinas \u00e9 capaz de identificar o que o soldador est\u00e1 fazendo com a solda e agir com fun\u00e7\u00f5es especiais para facilitar o trabalho. A fun\u00e7\u00e3o &#8220;Hot Start&#8221; facilita bastante a abertura do arco. J\u00e1 o &#8220;Antisstick&#8221; corta a corrente, caso o eletrodo grude na pe\u00e7a para que o mesmo eletrodo possa ser usado na pr\u00f3xima solda.<\/p>\n<p class=\"title__feature\">SOLDA QUALQUER ELETRODO<\/p>\n<p class=\"description__feature\">A linha FLAMA possui uma tecnologia que a torna \u00fanica: a possibilidade de soldar eletrodos diferentes do comum E6013. Os especiais, como o E7018, inox e ferro fundido s\u00e3o facilmente derretidos por essas m\u00e1quinas.<\/p>\n","protected":false},"excerpt":{"rendered":"<h3>ELETRODO + TIG RASPAGEM | 160 A | 110 V\/220 V<\/h3>\n<p>As m\u00e1quinas FLAMA foram projetadas para encarar qualquer tipo de trabalho e oferecer solu\u00e7\u00e3o em solda para os profissionais.<\/p>\n","protected":false},"featured_media":2852,"comment_status":"open","ping_status":"closed","template":"","meta":[],"product_cat":[45,529],"product_tag":[787,793,353,319],"acf":[],"_links":{"self":[{"href":"http:\/\/www.locacaodemaquinas.com.br\/site\/wp-json\/wp\/v2\/product\/2848"}],"collection":[{"href":"http:\/\/www.locacaodemaquinas.com.br\/site\/wp-json\/wp\/v2\/product"}],"about":[{"href":"http:\/\/www.locacaodemaquinas.com.br\/site\/wp-json\/wp\/v2\/types\/product"}],"replies":[{"embeddable":true,"href":"http:\/\/www.locacaodemaquinas.com.br\/site\/wp-json\/wp\/v2\/comments?post=2848"}],"wp:featuredmedia":[{"embeddable":true,"href":"http:\/\/www.locacaodemaquinas.com.br\/site\/wp-json\/wp\/v2\/media\/2852"}],"wp:attachment":[{"href":"http:\/\/www.locacaodemaquinas.com.br\/site\/wp-json\/wp\/v2\/media?parent=2848"}],"wp:term":[{"taxonomy":"product_cat","embeddable":true,"href":"http:\/\/www.locacaodemaquinas.com.br\/site\/wp-json\/wp\/v2\/product_cat?post=2848"},{"taxonomy":"product_tag","embeddable":true,"href":"http:\/\/www.locacaodemaquinas.com.br\/site\/wp-json\/wp\/v2\/product_tag?post=2848"}],"curies":[{"name":"wp","href":"https:\/\/api.w.org\/{rel}","templated":true}]}}