{"id":2860,"date":"2022-09-06T17:38:57","date_gmt":"2022-09-06T20:38:57","guid":{"rendered":"http:\/\/www.locacaodemaquinas.com.br\/site\/?post_type=product&#038;p=2860"},"modified":"2022-09-06T17:54:03","modified_gmt":"2022-09-06T20:54:03","slug":"inversora-de-solda-flama-221-boxer-soldas","status":"publish","type":"product","link":"http:\/\/www.locacaodemaquinas.com.br\/site\/loja\/venda\/solda\/inversora-de-solda-flama-221-boxer-soldas\/","title":{"rendered":"Inversora de Solda Flama 221 &#8211; Boxer Soldas"},"content":{"rendered":"<p><strong>CARACTER\u00cdSTICAS<\/strong><\/p>\n<p class=\"title__feature\">SOLDA SEM DESCANSO<\/p>\n<p class=\"description__feature\">Todos os modelos da linha FLAMA possuem o selo \u201csem parar\u201d para soldar determinada bitola de eletrodo sem que a m\u00e1quina precise parar para descansar e atrasar o seu trabalho. O eletrodo de 3.25 mm \u00e9 a bitola recomendada para a FLAMA 221.<\/p>\n<p class=\"title__feature\">INTELIGENTE<\/p>\n<p class=\"description__feature\">Essa linha de m\u00e1quinas \u00e9 capaz de identificar o que o soldador est\u00e1 fazendo com a solda e agir com fun\u00e7\u00f5es especiais para facilitar o trabalho. A fun\u00e7\u00e3o &#8220;Hot Start&#8221; facilita bastante a abertura do arco. J\u00e1 o &#8220;Antisstick&#8221; corta a corrente, caso o eletrodo grude na pe\u00e7a para que o mesmo eletrodo possa ser usado na pr\u00f3xima solda.<\/p>\n<p class=\"title__feature\">SOLDA QUALQUER ELETRODO<\/p>\n<p class=\"description__feature\">A linha FLAMA possui uma tecnologia que a torna \u00fanica: soldar eletrodos diferentes do comum 6013, como 7018, inox, ferro fundido, alum\u00ednio e 6010, \u00e9 uma das grandes vantagens da FLAMA 221.<\/p>\n","protected":false},"excerpt":{"rendered":"<h3>ELETRODO\/TIG RASPAGEM<\/h3>\n<h3>200 A | 110 V\/220 V<\/h3>\n<p>As m\u00e1quinas FLAMA foram projetadas para encarar qualquer tipo de trabalho e oferecer as maiores pot\u00eancias da categoria.<\/p>\n","protected":false},"featured_media":2862,"comment_status":"open","ping_status":"closed","template":"","meta":[],"product_cat":[45,529],"product_tag":[787,795,353,319],"acf":[],"_links":{"self":[{"href":"http:\/\/www.locacaodemaquinas.com.br\/site\/wp-json\/wp\/v2\/product\/2860"}],"collection":[{"href":"http:\/\/www.locacaodemaquinas.com.br\/site\/wp-json\/wp\/v2\/product"}],"about":[{"href":"http:\/\/www.locacaodemaquinas.com.br\/site\/wp-json\/wp\/v2\/types\/product"}],"replies":[{"embeddable":true,"href":"http:\/\/www.locacaodemaquinas.com.br\/site\/wp-json\/wp\/v2\/comments?post=2860"}],"wp:featuredmedia":[{"embeddable":true,"href":"http:\/\/www.locacaodemaquinas.com.br\/site\/wp-json\/wp\/v2\/media\/2862"}],"wp:attachment":[{"href":"http:\/\/www.locacaodemaquinas.com.br\/site\/wp-json\/wp\/v2\/media?parent=2860"}],"wp:term":[{"taxonomy":"product_cat","embeddable":true,"href":"http:\/\/www.locacaodemaquinas.com.br\/site\/wp-json\/wp\/v2\/product_cat?post=2860"},{"taxonomy":"product_tag","embeddable":true,"href":"http:\/\/www.locacaodemaquinas.com.br\/site\/wp-json\/wp\/v2\/product_tag?post=2860"}],"curies":[{"name":"wp","href":"https:\/\/api.w.org\/{rel}","templated":true}]}}