{"id":2866,"date":"2022-09-06T17:55:28","date_gmt":"2022-09-06T20:55:28","guid":{"rendered":"http:\/\/www.locacaodemaquinas.com.br\/site\/?post_type=product&#038;p=2866"},"modified":"2022-09-08T10:39:43","modified_gmt":"2022-09-08T13:39:43","slug":"inversora-de-solda-hardmig-325-flex-boxer-soldas","status":"publish","type":"product","link":"http:\/\/www.locacaodemaquinas.com.br\/site\/loja\/venda\/solda\/inversora-de-solda-hardmig-325-flex-boxer-soldas\/","title":{"rendered":"Inversora de Solda Hardmig 325 Flex &#8211; Boxer Soldas"},"content":{"rendered":"<p><strong>CARACTER\u00cdSTICAS<\/strong><\/p>\n<p class=\"title__feature\">VERS\u00c1TIL<\/p>\n<p class=\"description__feature\">O projeto que a tornou h\u00edbrida faz ela soldar sem perda de pot\u00eancia, tanto em 220 V monof\u00e1sico quanto trif\u00e1sico. Excelente op\u00e7\u00e3o para todos os tipos de ind\u00fastrias.<\/p>\n<p class=\"title__feature\">QUALIDADE E ECONOMIA<\/p>\n<p class=\"description__feature\">Qualidade de cord\u00f5es de solda mais est\u00e1veis em compara\u00e7\u00e3o com m\u00e1quinas MIG tradicionais (transformadoras), al\u00e9m de economizar, aproximadamente, 40% de energia.<\/p>\n<p class=\"title__feature\">SURPREENDENTE<\/p>\n<p class=\"description__feature\">Al\u00e9m de um projeto robusto em quest\u00f5es de pot\u00eancia, conta com um tracionador de arame de 4 roldanas para soldar com tochas mais longas, evitando problemas de alimenta\u00e7\u00e3o em arames especiais, como o alum\u00ednio, por exemplo.<\/p>\n","protected":false},"excerpt":{"rendered":"<h3>MIG-MAG + ELETRODO + TIG<\/h3>\n<h3>300 A | 220 V<\/h3>\n<p>A m\u00e1quina perfeita para metal\u00fargicas m\u00e9dias com alta produ\u00e7\u00e3o. Robusta e pronta para soldar arames de 1.0 mm em regime de trabalho intenso.<\/p>\n","protected":false},"featured_media":2871,"comment_status":"open","ping_status":"closed","template":"","meta":[],"product_cat":[45,529],"product_tag":[787,796,353,319],"acf":[],"_links":{"self":[{"href":"http:\/\/www.locacaodemaquinas.com.br\/site\/wp-json\/wp\/v2\/product\/2866"}],"collection":[{"href":"http:\/\/www.locacaodemaquinas.com.br\/site\/wp-json\/wp\/v2\/product"}],"about":[{"href":"http:\/\/www.locacaodemaquinas.com.br\/site\/wp-json\/wp\/v2\/types\/product"}],"replies":[{"embeddable":true,"href":"http:\/\/www.locacaodemaquinas.com.br\/site\/wp-json\/wp\/v2\/comments?post=2866"}],"wp:featuredmedia":[{"embeddable":true,"href":"http:\/\/www.locacaodemaquinas.com.br\/site\/wp-json\/wp\/v2\/media\/2871"}],"wp:attachment":[{"href":"http:\/\/www.locacaodemaquinas.com.br\/site\/wp-json\/wp\/v2\/media?parent=2866"}],"wp:term":[{"taxonomy":"product_cat","embeddable":true,"href":"http:\/\/www.locacaodemaquinas.com.br\/site\/wp-json\/wp\/v2\/product_cat?post=2866"},{"taxonomy":"product_tag","embeddable":true,"href":"http:\/\/www.locacaodemaquinas.com.br\/site\/wp-json\/wp\/v2\/product_tag?post=2866"}],"curies":[{"name":"wp","href":"https:\/\/api.w.org\/{rel}","templated":true}]}}