{"id":2887,"date":"2022-09-08T11:54:27","date_gmt":"2022-09-08T14:54:27","guid":{"rendered":"http:\/\/www.locacaodemaquinas.com.br\/site\/?post_type=product&#038;p=2887"},"modified":"2022-09-08T12:09:03","modified_gmt":"2022-09-08T15:09:03","slug":"maquina-de-corte-plasma-hard-cut-52-boxer-soldas","status":"publish","type":"product","link":"http:\/\/www.locacaodemaquinas.com.br\/site\/loja\/venda\/solda\/maquina-de-corte-plasma-hard-cut-52-boxer-soldas\/","title":{"rendered":"M\u00e1quina de Corte Plasma Hard Cut 52 &#8211; Boxer Soldas"},"content":{"rendered":"<p><strong>CARACTER\u00cdSTICAS<\/strong><\/p>\n<p class=\"title__feature\">CORTES ESPECIAIS<\/p>\n<p class=\"description__feature\">Fun\u00e7\u00e3o para cortar chapas vazadas como grades, e claro para chapas planas tamb\u00e9m.<\/p>\n<p class=\"title__feature\">ABERTURA DE ARCO PERFEITA<\/p>\n<p class=\"description__feature\">Abertura de corte por arco piloto em vez de alta frequ\u00eancia, a melhor qualidade da categoria<\/p>\n<p>&nbsp;<\/p>\n","protected":false},"excerpt":{"rendered":"<h3>CORTE PLASMA | 50 A | 220V<\/h3>\n<p>A m\u00e1quina perfeita para cortar todos os metais que voc\u00ea precisa, j\u00e1 com todos os acess\u00f3rios<\/p>\n","protected":false},"featured_media":2890,"comment_status":"open","ping_status":"closed","template":"","meta":[],"product_cat":[45,529],"product_tag":[787,803,802,319],"acf":[],"_links":{"self":[{"href":"http:\/\/www.locacaodemaquinas.com.br\/site\/wp-json\/wp\/v2\/product\/2887"}],"collection":[{"href":"http:\/\/www.locacaodemaquinas.com.br\/site\/wp-json\/wp\/v2\/product"}],"about":[{"href":"http:\/\/www.locacaodemaquinas.com.br\/site\/wp-json\/wp\/v2\/types\/product"}],"replies":[{"embeddable":true,"href":"http:\/\/www.locacaodemaquinas.com.br\/site\/wp-json\/wp\/v2\/comments?post=2887"}],"wp:featuredmedia":[{"embeddable":true,"href":"http:\/\/www.locacaodemaquinas.com.br\/site\/wp-json\/wp\/v2\/media\/2890"}],"wp:attachment":[{"href":"http:\/\/www.locacaodemaquinas.com.br\/site\/wp-json\/wp\/v2\/media?parent=2887"}],"wp:term":[{"taxonomy":"product_cat","embeddable":true,"href":"http:\/\/www.locacaodemaquinas.com.br\/site\/wp-json\/wp\/v2\/product_cat?post=2887"},{"taxonomy":"product_tag","embeddable":true,"href":"http:\/\/www.locacaodemaquinas.com.br\/site\/wp-json\/wp\/v2\/product_tag?post=2887"}],"curies":[{"name":"wp","href":"https:\/\/api.w.org\/{rel}","templated":true}]}}