{"id":2893,"date":"2022-09-08T13:00:22","date_gmt":"2022-09-08T16:00:22","guid":{"rendered":"http:\/\/www.locacaodemaquinas.com.br\/site\/?post_type=product&#038;p=2893"},"modified":"2022-09-08T13:00:22","modified_gmt":"2022-09-08T16:00:22","slug":"trena-longa-com-fita-de-aco-30m-100-stanley","status":"publish","type":"product","link":"http:\/\/www.locacaodemaquinas.com.br\/site\/loja\/principais-marcas\/marca-stanley-ferramentas\/trena-longa-com-fita-de-aco-30m-100-stanley\/","title":{"rendered":"Trena Longa com Fita de A\u00e7o 30m\/100&#8242; &#8211; Stanley"},"content":{"rendered":"<ul>\n<li>Muito utilizado para fazer aferi\u00e7\u00f5es de grandes \u00e1reas;<\/li>\n<li>Caixa fabricada com pl\u00e1stico abs amarelo resistente a altos impactos e alta visibilidade;<\/li>\n<li>Fita amarela com 3\/8\u201d ( 10mm ) de largura e revestimento de pol\u00edmero para maior durabilidade;<\/li>\n<li>Tambor com rebobinamento r\u00e1pido;<\/li>\n<li>Pass\u00edvel de aferi\u00e7\u00e3o e calibra\u00e7\u00e3o;<\/li>\n<li>Classe 2.<\/li>\n<\/ul>\n","protected":false},"excerpt":{"rendered":"<div class=\"sbd-productDescription\">\n<div class=\"sbd-productDescriptionText\">\n<p>Indicado para todo tipo de usu\u00e1rio que necessite tirar medidas de forma f\u00e1cil, r\u00e1pida e precisa.<\/p>\n<\/div>\n<\/div>\n<div class=\"sbd-productInformationPanel\">\n<div id=\"accordion\">\n<div id=\"\" class=\"sbd-stepContainer card\">\n<div id=\"heading1\" class=\"card-header\"><\/div>\n<\/div>\n<\/div>\n<\/div>\n","protected":false},"featured_media":2897,"comment_status":"open","ping_status":"closed","template":"","meta":[],"product_cat":[342,346,45,524],"product_tag":[806,804,453,805],"acf":[],"_links":{"self":[{"href":"http:\/\/www.locacaodemaquinas.com.br\/site\/wp-json\/wp\/v2\/product\/2893"}],"collection":[{"href":"http:\/\/www.locacaodemaquinas.com.br\/site\/wp-json\/wp\/v2\/product"}],"about":[{"href":"http:\/\/www.locacaodemaquinas.com.br\/site\/wp-json\/wp\/v2\/types\/product"}],"replies":[{"embeddable":true,"href":"http:\/\/www.locacaodemaquinas.com.br\/site\/wp-json\/wp\/v2\/comments?post=2893"}],"wp:featuredmedia":[{"embeddable":true,"href":"http:\/\/www.locacaodemaquinas.com.br\/site\/wp-json\/wp\/v2\/media\/2897"}],"wp:attachment":[{"href":"http:\/\/www.locacaodemaquinas.com.br\/site\/wp-json\/wp\/v2\/media?parent=2893"}],"wp:term":[{"taxonomy":"product_cat","embeddable":true,"href":"http:\/\/www.locacaodemaquinas.com.br\/site\/wp-json\/wp\/v2\/product_cat?post=2893"},{"taxonomy":"product_tag","embeddable":true,"href":"http:\/\/www.locacaodemaquinas.com.br\/site\/wp-json\/wp\/v2\/product_tag?post=2893"}],"curies":[{"name":"wp","href":"https:\/\/api.w.org\/{rel}","templated":true}]}}