{"id":2906,"date":"2022-09-08T15:52:05","date_gmt":"2022-09-08T18:52:05","guid":{"rendered":"http:\/\/www.locacaodemaquinas.com.br\/site\/?post_type=product&#038;p=2906"},"modified":"2022-09-08T16:47:45","modified_gmt":"2022-09-08T19:47:45","slug":"trena-de-bolso-s12-metrica-e-polegada-3m-starrett","status":"publish","type":"product","link":"http:\/\/www.locacaodemaquinas.com.br\/site\/loja\/venda\/medicao\/trena-de-bolso-s12-metrica-e-polegada-3m-starrett\/","title":{"rendered":"Trena de Bolso S12 M\u00e9trica e Polegada com Trava 3m &#8211; Starrett"},"content":{"rendered":"<p>As trenas Starrett oferecem nitidez em n\u00fameros e linhas que n\u00e3o confundem a leitura, n\u00edtidos sobre fundo amarelo, proporcionam exatid\u00e3o e leitura f\u00e1cil, livres de erros.<\/p>\n<p>Fabricadas em a\u00e7o alto carbono temperado. Suas l\u00e2minas t\u00eam fundo amarelo esmaltado e recozido. Por tudo isso, elas se mant\u00eam r\u00edgidas (e n\u00e3o quebram) por um tempo muito longo.<\/p>\n<p>O gancho auto-ajust\u00e1vel na extremidade da fita compensa sua pr\u00f3pria espessura com um movimento deslizante. Um rasgo na ponta do gancho facilita a introdu\u00e7\u00e3o de pregos e outros objetos agudos, ajudando a tra\u00e7ar c\u00edrculos.<\/p>\n<p><strong>Exclusivo Protetor de Fita Tough-Tip\u00ae<br \/>\n<\/strong>Tough-Tip\u00ae \u00e9 um protetor de a\u00e7o inoxid\u00e1vel com triplo rebite, que refor\u00e7a a extremidade da fita e reduz consideravelmente os riscos de quebra, aumentando, portanto, sua vida \u00fatil. (N\u00e3o-dispon\u00edvel nas fitas de 13mm &#8211; 1\/2&#8243;).<\/p>\n<p><strong>Pr\u00e1tica Presilha para Cinto<\/strong><br \/>\nTodas as trenas curtas v\u00eam com uma pr\u00e1tica presilha de a\u00e7o inoxid\u00e1vel ou nylon + fibra de vidro.<\/p>\n<ul>\n<li>Dispon\u00edvel nas larguras de 13mm (1\/2&#8243;), e 19mm (3\/4&#8243;).<\/li>\n<li>A parte inferior da fita \u00e9 graduada em mil\u00edmetros e numerada em mil\u00edmetros a cada dec\u00edmetro.<\/li>\n<li>A parte superior da fita \u00e9 graduada em 1\/16&#8243; e numerada em polegadas e p\u00e9s.<\/li>\n<\/ul>\n","protected":false},"excerpt":{"rendered":"<div class=\"sbd-productDescription\">\n<div class=\"sbd-productDescriptionText\">\n<p>&nbsp;<\/p>\n<\/div>\n<\/div>\n<div class=\"sbd-productInformationPanel\">\n<div id=\"accordion\">\n<div id=\"\" class=\"sbd-stepContainer card\">\n<div id=\"heading1\" class=\"card-header\"><\/div>\n<\/div>\n<\/div>\n<\/div>\n","protected":false},"featured_media":2911,"comment_status":"open","ping_status":"closed","template":"","meta":[],"product_cat":[45,524],"product_tag":[808,804,809,805],"acf":[],"_links":{"self":[{"href":"http:\/\/www.locacaodemaquinas.com.br\/site\/wp-json\/wp\/v2\/product\/2906"}],"collection":[{"href":"http:\/\/www.locacaodemaquinas.com.br\/site\/wp-json\/wp\/v2\/product"}],"about":[{"href":"http:\/\/www.locacaodemaquinas.com.br\/site\/wp-json\/wp\/v2\/types\/product"}],"replies":[{"embeddable":true,"href":"http:\/\/www.locacaodemaquinas.com.br\/site\/wp-json\/wp\/v2\/comments?post=2906"}],"wp:featuredmedia":[{"embeddable":true,"href":"http:\/\/www.locacaodemaquinas.com.br\/site\/wp-json\/wp\/v2\/media\/2911"}],"wp:attachment":[{"href":"http:\/\/www.locacaodemaquinas.com.br\/site\/wp-json\/wp\/v2\/media?parent=2906"}],"wp:term":[{"taxonomy":"product_cat","embeddable":true,"href":"http:\/\/www.locacaodemaquinas.com.br\/site\/wp-json\/wp\/v2\/product_cat?post=2906"},{"taxonomy":"product_tag","embeddable":true,"href":"http:\/\/www.locacaodemaquinas.com.br\/site\/wp-json\/wp\/v2\/product_tag?post=2906"}],"curies":[{"name":"wp","href":"https:\/\/api.w.org\/{rel}","templated":true}]}}