{"id":2912,"date":"2022-09-08T16:46:29","date_gmt":"2022-09-08T19:46:29","guid":{"rendered":"http:\/\/www.locacaodemaquinas.com.br\/site\/?post_type=product&#038;p=2912"},"modified":"2022-09-08T17:20:23","modified_gmt":"2022-09-08T20:20:23","slug":"regua-em-aco-inox-graduada-30-cm-carbografite","status":"publish","type":"product","link":"http:\/\/www.locacaodemaquinas.com.br\/site\/loja\/venda\/medicao\/regua-em-aco-inox-graduada-30-cm-carbografite\/","title":{"rendered":"R\u00e9gua em A\u00e7o Inox Graduada 30 cm &#8211; Carbografite"},"content":{"rendered":"","protected":false},"excerpt":{"rendered":"<div class=\"sbd-productDescription\">\n<div class=\"sbd-productDescriptionText\">\n<ul>\n<li>Corpo em a\u00e7o inox.<\/li>\n<li>Grava\u00e7\u00e3o em baixo relevo.<\/li>\n<li>Gradua\u00e7\u00e3o em mil\u00edmetros.<\/li>\n<\/ul>\n<\/div>\n<\/div>\n<div class=\"sbd-productInformationPanel\">\n<div id=\"accordion\">\n<div id=\"\" class=\"sbd-stepContainer card\">\n<div id=\"heading1\" class=\"card-header\"><\/div>\n<\/div>\n<\/div>\n<\/div>\n","protected":false},"featured_media":2919,"comment_status":"open","ping_status":"closed","template":"","meta":[],"product_cat":[45,524],"product_tag":[811,578,804,810],"acf":[],"_links":{"self":[{"href":"http:\/\/www.locacaodemaquinas.com.br\/site\/wp-json\/wp\/v2\/product\/2912"}],"collection":[{"href":"http:\/\/www.locacaodemaquinas.com.br\/site\/wp-json\/wp\/v2\/product"}],"about":[{"href":"http:\/\/www.locacaodemaquinas.com.br\/site\/wp-json\/wp\/v2\/types\/product"}],"replies":[{"embeddable":true,"href":"http:\/\/www.locacaodemaquinas.com.br\/site\/wp-json\/wp\/v2\/comments?post=2912"}],"wp:featuredmedia":[{"embeddable":true,"href":"http:\/\/www.locacaodemaquinas.com.br\/site\/wp-json\/wp\/v2\/media\/2919"}],"wp:attachment":[{"href":"http:\/\/www.locacaodemaquinas.com.br\/site\/wp-json\/wp\/v2\/media?parent=2912"}],"wp:term":[{"taxonomy":"product_cat","embeddable":true,"href":"http:\/\/www.locacaodemaquinas.com.br\/site\/wp-json\/wp\/v2\/product_cat?post=2912"},{"taxonomy":"product_tag","embeddable":true,"href":"http:\/\/www.locacaodemaquinas.com.br\/site\/wp-json\/wp\/v2\/product_tag?post=2912"}],"curies":[{"name":"wp","href":"https:\/\/api.w.org\/{rel}","templated":true}]}}