{"id":2934,"date":"2022-09-09T10:45:59","date_gmt":"2022-09-09T13:45:59","guid":{"rendered":"http:\/\/www.locacaodemaquinas.com.br\/site\/?post_type=product&#038;p=2934"},"modified":"2022-09-09T11:12:41","modified_gmt":"2022-09-09T14:12:41","slug":"soprador-a-bateria-bga-45-stihl","status":"publish","type":"product","link":"http:\/\/www.locacaodemaquinas.com.br\/site\/loja\/venda\/ferramentas-a-bateria\/soprador-a-bateria-bga-45-stihl\/","title":{"rendered":"Soprador a Bateria BGA 45 &#8211; STIHL"},"content":{"rendered":"<h3>Itens de s\u00e9rie<\/h3>\n<div class=\"clear\">\n<ul>\n<li>Chave de ativa\u00e7\u00e3o<\/li>\n<li>Carregador LK 45<\/li>\n<li>Indicador do n\u00edvel de carga<\/li>\n<\/ul>\n<\/div>\n<p>Obs: comercializado apenas na loja f\u00edsica.<\/p>\n","protected":false},"excerpt":{"rendered":"<h2>Bateria integrada ao produto<\/h2>\n<div class=\"tabs\">\n<div class=\"wrapper_content\">\n<div class=\"tabbody tabbody_large container_tab_1\">\n<div class=\"product-slider-wrapper\">Dur\u00e1vel, descomplicada e desplugada. A linha de produtos com bateria integrada oferecem ainda mais praticidade e leveza na hora de cuidar do jardim. O\u00a0<b>soprador BGA 45<\/b>\u00a0\u00e9 leve e f\u00e1cil de usar, ideal para a limpeza de folhas e gramas cortadas de jardins pequenos. Possui boa performance de sopro e agilidade ao limpar as \u00e1reas verdes, al\u00e9m de sua carga ser facilmente realizada atrav\u00e9s de um carregador compacto (similar a um carregador de celular).<\/div>\n<\/div>\n<\/div>\n<\/div>\n","protected":false},"featured_media":2938,"comment_status":"open","ping_status":"closed","template":"","meta":[],"product_cat":[45,512],"product_tag":[300,813,364],"acf":[],"_links":{"self":[{"href":"http:\/\/www.locacaodemaquinas.com.br\/site\/wp-json\/wp\/v2\/product\/2934"}],"collection":[{"href":"http:\/\/www.locacaodemaquinas.com.br\/site\/wp-json\/wp\/v2\/product"}],"about":[{"href":"http:\/\/www.locacaodemaquinas.com.br\/site\/wp-json\/wp\/v2\/types\/product"}],"replies":[{"embeddable":true,"href":"http:\/\/www.locacaodemaquinas.com.br\/site\/wp-json\/wp\/v2\/comments?post=2934"}],"wp:featuredmedia":[{"embeddable":true,"href":"http:\/\/www.locacaodemaquinas.com.br\/site\/wp-json\/wp\/v2\/media\/2938"}],"wp:attachment":[{"href":"http:\/\/www.locacaodemaquinas.com.br\/site\/wp-json\/wp\/v2\/media?parent=2934"}],"wp:term":[{"taxonomy":"product_cat","embeddable":true,"href":"http:\/\/www.locacaodemaquinas.com.br\/site\/wp-json\/wp\/v2\/product_cat?post=2934"},{"taxonomy":"product_tag","embeddable":true,"href":"http:\/\/www.locacaodemaquinas.com.br\/site\/wp-json\/wp\/v2\/product_tag?post=2934"}],"curies":[{"name":"wp","href":"https:\/\/api.w.org\/{rel}","templated":true}]}}