{"id":2943,"date":"2022-09-09T11:14:36","date_gmt":"2022-09-09T14:14:36","guid":{"rendered":"http:\/\/www.locacaodemaquinas.com.br\/site\/?post_type=product&#038;p=2943"},"modified":"2025-09-16T15:33:39","modified_gmt":"2025-09-16T18:33:39","slug":"aspirador-de-po-portatil-18v-dcl180z-sem-bateria-makita","status":"publish","type":"product","link":"http:\/\/www.locacaodemaquinas.com.br\/site\/loja\/venda\/ferramentas-a-bateria\/aspirador-de-po-portatil-18v-dcl180z-sem-bateria-makita\/","title":{"rendered":"Aspirador de P\u00f3 Port\u00e1til 18V DCL180Z sem Bateria &#8211; Makita"},"content":{"rendered":"<p><label class=\"input-desc\">Itens Que Acompanham:<\/label><\/p>\n<p>Bocal de aspira\u00e7\u00e3o piso e carpete, tubo reto e filtro<\/p>\n<p>N\u00e3o acompanha bateria e carregador<\/p>\n","protected":false},"excerpt":{"rendered":"<p>Aspira\u00e7\u00e3o r\u00e1pida, sem precisar conectar a tomada, fios ou cabos<br \/>\nDesign compacto e ergon\u00f4mico<br \/>\nFiltro e pr\u00e9-filtro de f\u00e1cil limpeza<br \/>\nArmazenagem de p\u00f3 diretamente na c\u00e1psula, facilitando o descarte da sujidade<\/p>\n","protected":false},"featured_media":2945,"comment_status":"open","ping_status":"closed","template":"","meta":[],"product_cat":[45,512],"product_tag":[814,300,313,428],"acf":[],"_links":{"self":[{"href":"http:\/\/www.locacaodemaquinas.com.br\/site\/wp-json\/wp\/v2\/product\/2943"}],"collection":[{"href":"http:\/\/www.locacaodemaquinas.com.br\/site\/wp-json\/wp\/v2\/product"}],"about":[{"href":"http:\/\/www.locacaodemaquinas.com.br\/site\/wp-json\/wp\/v2\/types\/product"}],"replies":[{"embeddable":true,"href":"http:\/\/www.locacaodemaquinas.com.br\/site\/wp-json\/wp\/v2\/comments?post=2943"}],"wp:featuredmedia":[{"embeddable":true,"href":"http:\/\/www.locacaodemaquinas.com.br\/site\/wp-json\/wp\/v2\/media\/2945"}],"wp:attachment":[{"href":"http:\/\/www.locacaodemaquinas.com.br\/site\/wp-json\/wp\/v2\/media?parent=2943"}],"wp:term":[{"taxonomy":"product_cat","embeddable":true,"href":"http:\/\/www.locacaodemaquinas.com.br\/site\/wp-json\/wp\/v2\/product_cat?post=2943"},{"taxonomy":"product_tag","embeddable":true,"href":"http:\/\/www.locacaodemaquinas.com.br\/site\/wp-json\/wp\/v2\/product_tag?post=2943"}],"curies":[{"name":"wp","href":"https:\/\/api.w.org\/{rel}","templated":true}]}}