{"id":2960,"date":"2022-09-22T16:39:37","date_gmt":"2022-09-22T19:39:37","guid":{"rendered":"http:\/\/www.locacaodemaquinas.com.br\/site\/?post_type=product&#038;p=2960"},"modified":"2023-01-30T10:34:23","modified_gmt":"2023-01-30T13:34:23","slug":"estilete-lamina-retratil-18mm-sparta","status":"publish","type":"product","link":"http:\/\/www.locacaodemaquinas.com.br\/site\/loja\/venda\/ferramentas-de-corte\/estilete-lamina-retratil-18mm-sparta\/","title":{"rendered":"Estilete L\u00e2mina Retr\u00e1til 18mm &#8211; Sparta"},"content":{"rendered":"","protected":false},"excerpt":{"rendered":"<p>Estilete de seguran\u00e7a \u00e9 indicado para cortes em papel, borracha, cordas e pl\u00e1sticos. Conta com bot\u00e3o para travamento da l\u00e2mina mantendo-a retra\u00edda quando n\u00e3o est\u00e1 em uso, oferecendo maior seguran\u00e7a para o usu\u00e1rio. Possui l\u00e2mina de 18mm em material resistente.<\/p>\n","protected":false},"featured_media":2977,"comment_status":"open","ping_status":"closed","template":"","meta":[],"product_cat":[45,513,515],"product_tag":[816,819,817,818],"acf":[],"_links":{"self":[{"href":"http:\/\/www.locacaodemaquinas.com.br\/site\/wp-json\/wp\/v2\/product\/2960"}],"collection":[{"href":"http:\/\/www.locacaodemaquinas.com.br\/site\/wp-json\/wp\/v2\/product"}],"about":[{"href":"http:\/\/www.locacaodemaquinas.com.br\/site\/wp-json\/wp\/v2\/types\/product"}],"replies":[{"embeddable":true,"href":"http:\/\/www.locacaodemaquinas.com.br\/site\/wp-json\/wp\/v2\/comments?post=2960"}],"wp:featuredmedia":[{"embeddable":true,"href":"http:\/\/www.locacaodemaquinas.com.br\/site\/wp-json\/wp\/v2\/media\/2977"}],"wp:attachment":[{"href":"http:\/\/www.locacaodemaquinas.com.br\/site\/wp-json\/wp\/v2\/media?parent=2960"}],"wp:term":[{"taxonomy":"product_cat","embeddable":true,"href":"http:\/\/www.locacaodemaquinas.com.br\/site\/wp-json\/wp\/v2\/product_cat?post=2960"},{"taxonomy":"product_tag","embeddable":true,"href":"http:\/\/www.locacaodemaquinas.com.br\/site\/wp-json\/wp\/v2\/product_tag?post=2960"}],"curies":[{"name":"wp","href":"https:\/\/api.w.org\/{rel}","templated":true}]}}