{"id":2961,"date":"2022-09-22T16:55:41","date_gmt":"2022-09-22T19:55:41","guid":{"rendered":"http:\/\/www.locacaodemaquinas.com.br\/site\/?post_type=product&#038;p=2961"},"modified":"2023-01-30T10:41:19","modified_gmt":"2023-01-30T13:41:19","slug":"lamina-para-estilete-9mm-com-10-pecas-mtx","status":"publish","type":"product","link":"http:\/\/www.locacaodemaquinas.com.br\/site\/loja\/venda\/ferramentas-de-corte\/lamina-para-estilete-9mm-com-10-pecas-mtx\/","title":{"rendered":"L\u00e2mina para Estilete 9mm com 10 pe\u00e7as &#8211; MTX"},"content":{"rendered":"","protected":false},"excerpt":{"rendered":"<p>As l\u00e2minas s\u00e3o usadas para cortar papel grosso, filme, papel\u00e3o, cartolina, sulfite, contact, etc. Possui entalhes ao longo do seu comprimento para ajustar o tamanho conforme o desgaste, facilitando o processo sem dificuldade e n\u00e3o deixando rebarbas.<\/p>\n","protected":false},"featured_media":2973,"comment_status":"open","ping_status":"closed","template":"","meta":[],"product_cat":[45,513,515],"product_tag":[816,819,820,547],"acf":[],"_links":{"self":[{"href":"http:\/\/www.locacaodemaquinas.com.br\/site\/wp-json\/wp\/v2\/product\/2961"}],"collection":[{"href":"http:\/\/www.locacaodemaquinas.com.br\/site\/wp-json\/wp\/v2\/product"}],"about":[{"href":"http:\/\/www.locacaodemaquinas.com.br\/site\/wp-json\/wp\/v2\/types\/product"}],"replies":[{"embeddable":true,"href":"http:\/\/www.locacaodemaquinas.com.br\/site\/wp-json\/wp\/v2\/comments?post=2961"}],"wp:featuredmedia":[{"embeddable":true,"href":"http:\/\/www.locacaodemaquinas.com.br\/site\/wp-json\/wp\/v2\/media\/2973"}],"wp:attachment":[{"href":"http:\/\/www.locacaodemaquinas.com.br\/site\/wp-json\/wp\/v2\/media?parent=2961"}],"wp:term":[{"taxonomy":"product_cat","embeddable":true,"href":"http:\/\/www.locacaodemaquinas.com.br\/site\/wp-json\/wp\/v2\/product_cat?post=2961"},{"taxonomy":"product_tag","embeddable":true,"href":"http:\/\/www.locacaodemaquinas.com.br\/site\/wp-json\/wp\/v2\/product_tag?post=2961"}],"curies":[{"name":"wp","href":"https:\/\/api.w.org\/{rel}","templated":true}]}}