{"id":2964,"date":"2022-09-22T16:58:23","date_gmt":"2022-09-22T19:58:23","guid":{"rendered":"http:\/\/www.locacaodemaquinas.com.br\/site\/?post_type=product&#038;p=2964"},"modified":"2022-09-23T16:12:13","modified_gmt":"2022-09-23T19:12:13","slug":"broca-ar-1-8-x-70-mm-irwin","status":"publish","type":"product","link":"http:\/\/www.locacaodemaquinas.com.br\/site\/loja\/principais-marcas\/marca-irwin\/broca-ar-1-8-x-70-mm-irwin\/","title":{"rendered":"Broca A\u00e7o R\u00e1pido 1\/8&#8243; x 70 mm- Irwin"},"content":{"rendered":"<h3>GARANTIA DE ALTA QUALIDADE E DESEMPENHO<\/h3>\n<p>Fabricadas em a\u00e7o r\u00e1pido garantindo durabilidade e qualidade, as brocas para metal IRWIN\u00ae s\u00e3o retificadas com alta precis\u00e3o, o que mant\u00e9m excelente geometria de corte e garantia da medida do di\u00e2metro.<\/p>\n<ul>\n<li><strong>Materiais:<\/strong> Os a\u00e7os r\u00e1pidos utilizados na fabrica\u00e7\u00e3o das brocas.<\/li>\n<li><strong>Geometria:<\/strong> s\u00e3o retificadas em equipamentos de alta precis\u00e3o.<\/li>\n<li><strong>Dureza:<\/strong> maior durabilidade de cada afia\u00e7\u00e3o e da ferramenta como um todo.<\/li>\n<li><strong>Precis\u00e3o:<\/strong> verificamos a qualidade, nada passa adiante sem total conformidade com os padr\u00f5es de toler\u00e2ncia.<\/li>\n<\/ul>\n","protected":false},"excerpt":{"rendered":"<p><span class=\"azul_12\">Brocas helicoidais com haste cil\u00edndrica e corte \u00e0 direita.<\/span><\/p>\n","protected":false},"featured_media":2975,"comment_status":"open","ping_status":"closed","template":"","meta":[],"product_cat":[342,345,45,513],"product_tag":[821,822,819,585],"acf":[],"_links":{"self":[{"href":"http:\/\/www.locacaodemaquinas.com.br\/site\/wp-json\/wp\/v2\/product\/2964"}],"collection":[{"href":"http:\/\/www.locacaodemaquinas.com.br\/site\/wp-json\/wp\/v2\/product"}],"about":[{"href":"http:\/\/www.locacaodemaquinas.com.br\/site\/wp-json\/wp\/v2\/types\/product"}],"replies":[{"embeddable":true,"href":"http:\/\/www.locacaodemaquinas.com.br\/site\/wp-json\/wp\/v2\/comments?post=2964"}],"wp:featuredmedia":[{"embeddable":true,"href":"http:\/\/www.locacaodemaquinas.com.br\/site\/wp-json\/wp\/v2\/media\/2975"}],"wp:attachment":[{"href":"http:\/\/www.locacaodemaquinas.com.br\/site\/wp-json\/wp\/v2\/media?parent=2964"}],"wp:term":[{"taxonomy":"product_cat","embeddable":true,"href":"http:\/\/www.locacaodemaquinas.com.br\/site\/wp-json\/wp\/v2\/product_cat?post=2964"},{"taxonomy":"product_tag","embeddable":true,"href":"http:\/\/www.locacaodemaquinas.com.br\/site\/wp-json\/wp\/v2\/product_tag?post=2964"}],"curies":[{"name":"wp","href":"https:\/\/api.w.org\/{rel}","templated":true}]}}