{"id":2966,"date":"2022-09-22T17:04:45","date_gmt":"2022-09-22T20:04:45","guid":{"rendered":"http:\/\/www.locacaodemaquinas.com.br\/site\/?post_type=product&#038;p=2966"},"modified":"2022-09-23T16:34:13","modified_gmt":"2022-09-23T19:34:13","slug":"extensao-eletrica-enrolavel-5m-tripla-branca-ilumi","status":"publish","type":"product","link":"http:\/\/www.locacaodemaquinas.com.br\/site\/loja\/venda\/ferramentas-eletricas\/extensao-eletrica-enrolavel-5m-tripla-branca-ilumi\/","title":{"rendered":"Extens\u00e3o El\u00e9trica Enrol\u00e1vel 5m Tripla Branca &#8211; Ilumi"},"content":{"rendered":"","protected":false},"excerpt":{"rendered":"<p>Ideal para trabalhos dom\u00e9sticos e profissionais que exigem resist\u00eancia e alta performance, a Extens\u00e3o Enrol\u00e1vel da Ilumi \u00e9 pr\u00e1tica para usar e f\u00e1cil para guardar. Com tr\u00eas entradas para tomadas e 5 metros de extens\u00e3o para voc\u00ea realizar seu trabalho com facilidade e versatilidade.<\/p>\n","protected":false},"featured_media":2982,"comment_status":"open","ping_status":"closed","template":"","meta":[],"product_cat":[45,514],"product_tag":[823,439,824,826],"acf":[],"_links":{"self":[{"href":"http:\/\/www.locacaodemaquinas.com.br\/site\/wp-json\/wp\/v2\/product\/2966"}],"collection":[{"href":"http:\/\/www.locacaodemaquinas.com.br\/site\/wp-json\/wp\/v2\/product"}],"about":[{"href":"http:\/\/www.locacaodemaquinas.com.br\/site\/wp-json\/wp\/v2\/types\/product"}],"replies":[{"embeddable":true,"href":"http:\/\/www.locacaodemaquinas.com.br\/site\/wp-json\/wp\/v2\/comments?post=2966"}],"wp:featuredmedia":[{"embeddable":true,"href":"http:\/\/www.locacaodemaquinas.com.br\/site\/wp-json\/wp\/v2\/media\/2982"}],"wp:attachment":[{"href":"http:\/\/www.locacaodemaquinas.com.br\/site\/wp-json\/wp\/v2\/media?parent=2966"}],"wp:term":[{"taxonomy":"product_cat","embeddable":true,"href":"http:\/\/www.locacaodemaquinas.com.br\/site\/wp-json\/wp\/v2\/product_cat?post=2966"},{"taxonomy":"product_tag","embeddable":true,"href":"http:\/\/www.locacaodemaquinas.com.br\/site\/wp-json\/wp\/v2\/product_tag?post=2966"}],"curies":[{"name":"wp","href":"https:\/\/api.w.org\/{rel}","templated":true}]}}