{"id":2970,"date":"2022-09-22T17:16:16","date_gmt":"2022-09-22T20:16:16","guid":{"rendered":"http:\/\/www.locacaodemaquinas.com.br\/site\/?post_type=product&#038;p=2970"},"modified":"2023-02-06T11:08:07","modified_gmt":"2023-02-06T14:08:07","slug":"esmerilhadeira-angular-4-1-2-m951013-127v-makita","status":"publish","type":"product","link":"http:\/\/www.locacaodemaquinas.com.br\/site\/loja\/principais-marcas\/marca-makita\/esmerilhadeira-angular-4-1-2-m951013-127v-makita\/","title":{"rendered":"Esmerilhadeira Angular 4.1\/2&#8243; M951013 127V &#8211; Makita"},"content":{"rendered":"","protected":false},"excerpt":{"rendered":"<p>Esmerilhadeira angular conhecida como rebarbadora.<\/p>\n<p>Ferramenta com dupla isola\u00e7\u00e3o, ideal para esmerilhar, aparar rebarbas e cortes e desbaste em metais.<\/p>\n<p>Seu design ergon\u00f4mico adapta-se facilmente a m\u00e3o, compacta e motor de alta pot\u00eancia.<\/p>\n","protected":false},"featured_media":2991,"comment_status":"open","ping_status":"closed","template":"","meta":[],"product_cat":[342,344,45,514,522],"product_tag":[144,439,428],"acf":[],"_links":{"self":[{"href":"http:\/\/www.locacaodemaquinas.com.br\/site\/wp-json\/wp\/v2\/product\/2970"}],"collection":[{"href":"http:\/\/www.locacaodemaquinas.com.br\/site\/wp-json\/wp\/v2\/product"}],"about":[{"href":"http:\/\/www.locacaodemaquinas.com.br\/site\/wp-json\/wp\/v2\/types\/product"}],"replies":[{"embeddable":true,"href":"http:\/\/www.locacaodemaquinas.com.br\/site\/wp-json\/wp\/v2\/comments?post=2970"}],"wp:featuredmedia":[{"embeddable":true,"href":"http:\/\/www.locacaodemaquinas.com.br\/site\/wp-json\/wp\/v2\/media\/2991"}],"wp:attachment":[{"href":"http:\/\/www.locacaodemaquinas.com.br\/site\/wp-json\/wp\/v2\/media?parent=2970"}],"wp:term":[{"taxonomy":"product_cat","embeddable":true,"href":"http:\/\/www.locacaodemaquinas.com.br\/site\/wp-json\/wp\/v2\/product_cat?post=2970"},{"taxonomy":"product_tag","embeddable":true,"href":"http:\/\/www.locacaodemaquinas.com.br\/site\/wp-json\/wp\/v2\/product_tag?post=2970"}],"curies":[{"name":"wp","href":"https:\/\/api.w.org\/{rel}","templated":true}]}}