{"id":2997,"date":"2022-09-24T11:58:51","date_gmt":"2022-09-24T14:58:51","guid":{"rendered":"http:\/\/www.locacaodemaquinas.com.br\/site\/?post_type=product&#038;p=2997"},"modified":"2022-09-24T11:58:51","modified_gmt":"2022-09-24T14:58:51","slug":"chave-de-fenda-1-4-x-6-moretzsohn","status":"publish","type":"product","link":"http:\/\/www.locacaodemaquinas.com.br\/site\/loja\/venda\/ferramentas-manuais\/chave-de-fenda-1-4-x-6-moretzsohn\/","title":{"rendered":"Chave de Fenda 1\/4 x 6&#8243; &#8211; Moretzsohn"},"content":{"rendered":"","protected":false},"excerpt":{"rendered":"<ul>\n<li>Alta Resist\u00eancia a Impacto<\/li>\n<li>Fabricado em PVC r\u00edgido<\/li>\n<li>Produzido na cor verde transparente<\/li>\n<li>Injetado diretamente sob a l\u00e2mina<\/li>\n<li>Resistente a \u00e1cidos, graxa e dissolventes org\u00e2nicos<\/li>\n<li>Resistente a temperatura: Ponto VCAT 100\u00baC<\/li>\n<li>Resist\u00eancia a tra\u00e7\u00e3o: 400 a 600 kgf\/cm\u00b2<\/li>\n<li>Resist\u00eancia do isolamento das chaves isoladas: 1000 volts<\/li>\n<li>Haste em cromo van\u00e1dio<\/li>\n<li>Acabamento niquelado e polido<\/li>\n<li>Medida: 1\/4&#8243; X 6&#8243;<\/li>\n<\/ul>\n","protected":false},"featured_media":2998,"comment_status":"open","ping_status":"closed","template":"","meta":[],"product_cat":[45,515],"product_tag":[829,831,830],"acf":[],"_links":{"self":[{"href":"http:\/\/www.locacaodemaquinas.com.br\/site\/wp-json\/wp\/v2\/product\/2997"}],"collection":[{"href":"http:\/\/www.locacaodemaquinas.com.br\/site\/wp-json\/wp\/v2\/product"}],"about":[{"href":"http:\/\/www.locacaodemaquinas.com.br\/site\/wp-json\/wp\/v2\/types\/product"}],"replies":[{"embeddable":true,"href":"http:\/\/www.locacaodemaquinas.com.br\/site\/wp-json\/wp\/v2\/comments?post=2997"}],"wp:featuredmedia":[{"embeddable":true,"href":"http:\/\/www.locacaodemaquinas.com.br\/site\/wp-json\/wp\/v2\/media\/2998"}],"wp:attachment":[{"href":"http:\/\/www.locacaodemaquinas.com.br\/site\/wp-json\/wp\/v2\/media?parent=2997"}],"wp:term":[{"taxonomy":"product_cat","embeddable":true,"href":"http:\/\/www.locacaodemaquinas.com.br\/site\/wp-json\/wp\/v2\/product_cat?post=2997"},{"taxonomy":"product_tag","embeddable":true,"href":"http:\/\/www.locacaodemaquinas.com.br\/site\/wp-json\/wp\/v2\/product_tag?post=2997"}],"curies":[{"name":"wp","href":"https:\/\/api.w.org\/{rel}","templated":true}]}}