{"id":3005,"date":"2022-09-26T10:51:52","date_gmt":"2022-09-26T13:51:52","guid":{"rendered":"http:\/\/www.locacaodemaquinas.com.br\/site\/?post_type=product&#038;p=3005"},"modified":"2022-09-26T16:06:12","modified_gmt":"2022-09-26T19:06:12","slug":"caixa-plastica-de-ferramentas-com-bandeja-e-fecho-metalico-19-013-stanley","status":"publish","type":"product","link":"http:\/\/www.locacaodemaquinas.com.br\/site\/loja\/principais-marcas\/marca-stanley-ferramentas\/caixa-plastica-de-ferramentas-com-bandeja-e-fecho-metalico-19-013-stanley\/","title":{"rendered":"Caixa Pl\u00e1stica de Ferramentas com Bandeja e Fecho Met\u00e1lico 19-013 &#8211; Stanley"},"content":{"rendered":"<ul>\n<li class=\"p1\">Al\u00e7a resistente;<\/li>\n<li class=\"p1\">Fecho com trava de metal niquelado;<\/li>\n<li>2 Compartimentos para pe\u00e7as pequenas;<\/li>\n<li>Bandeja superior remov\u00edvel;<\/li>\n<li>Porta cadeado.<\/li>\n<\/ul>\n","protected":false},"excerpt":{"rendered":"<p>Comporta diferentes tamanhos de ferramentas com ordem e praticidade gra\u00e7as \u00e0 seus compartimentos superiores para pe\u00e7as pequenas, e a sua bandeja remov\u00edvel.<\/p>\n<p>O compartimento inferior \u00e0 bandeja n\u00e3o possui divis\u00f3rias e pode ser utilizado para armazenar ferramentas maiores.<\/p>\n<p>A Caixa para Ferramentas 19-013 Stanley suporta sobre ela at\u00e9 100kg.<\/p>\n","protected":false},"featured_media":3010,"comment_status":"open","ping_status":"closed","template":"","meta":[],"product_cat":[342,346,45,515],"product_tag":[835,833,831,834,453],"acf":[],"_links":{"self":[{"href":"http:\/\/www.locacaodemaquinas.com.br\/site\/wp-json\/wp\/v2\/product\/3005"}],"collection":[{"href":"http:\/\/www.locacaodemaquinas.com.br\/site\/wp-json\/wp\/v2\/product"}],"about":[{"href":"http:\/\/www.locacaodemaquinas.com.br\/site\/wp-json\/wp\/v2\/types\/product"}],"replies":[{"embeddable":true,"href":"http:\/\/www.locacaodemaquinas.com.br\/site\/wp-json\/wp\/v2\/comments?post=3005"}],"wp:featuredmedia":[{"embeddable":true,"href":"http:\/\/www.locacaodemaquinas.com.br\/site\/wp-json\/wp\/v2\/media\/3010"}],"wp:attachment":[{"href":"http:\/\/www.locacaodemaquinas.com.br\/site\/wp-json\/wp\/v2\/media?parent=3005"}],"wp:term":[{"taxonomy":"product_cat","embeddable":true,"href":"http:\/\/www.locacaodemaquinas.com.br\/site\/wp-json\/wp\/v2\/product_cat?post=3005"},{"taxonomy":"product_tag","embeddable":true,"href":"http:\/\/www.locacaodemaquinas.com.br\/site\/wp-json\/wp\/v2\/product_tag?post=3005"}],"curies":[{"name":"wp","href":"https:\/\/api.w.org\/{rel}","templated":true}]}}