{"id":3015,"date":"2022-09-26T15:55:04","date_gmt":"2022-09-26T18:55:04","guid":{"rendered":"http:\/\/www.locacaodemaquinas.com.br\/site\/?post_type=product&#038;p=3015"},"modified":"2022-09-26T16:18:36","modified_gmt":"2022-09-26T19:18:36","slug":"martelo-carpinteiro-cabo-fibra-25mm-mtx","status":"publish","type":"product","link":"http:\/\/www.locacaodemaquinas.com.br\/site\/loja\/venda\/ferramentas-manuais\/martelo-carpinteiro-cabo-fibra-25mm-mtx\/","title":{"rendered":"Martelo Carpinteiro Cabo Fibra 25mm &#8211; MTX"},"content":{"rendered":"","protected":false},"excerpt":{"rendered":"<p>O Martelo unha 25mm possui cabe\u00e7a forjada em a\u00e7o forjado 55HRc com cabo de fibra \u00e9 indicado para introdu\u00e7\u00e3o ou remo\u00e7\u00e3o de pregos, e tamb\u00e9m para rasgar e remover componentes estruturais de madeiras. Possui cabo em fibra e empunhadura emborrachada, garantindo maior conforto no uso.<\/p>\n","protected":false},"featured_media":3017,"comment_status":"open","ping_status":"closed","template":"","meta":[],"product_cat":[45,515],"product_tag":[831,837,547],"acf":[],"_links":{"self":[{"href":"http:\/\/www.locacaodemaquinas.com.br\/site\/wp-json\/wp\/v2\/product\/3015"}],"collection":[{"href":"http:\/\/www.locacaodemaquinas.com.br\/site\/wp-json\/wp\/v2\/product"}],"about":[{"href":"http:\/\/www.locacaodemaquinas.com.br\/site\/wp-json\/wp\/v2\/types\/product"}],"replies":[{"embeddable":true,"href":"http:\/\/www.locacaodemaquinas.com.br\/site\/wp-json\/wp\/v2\/comments?post=3015"}],"wp:featuredmedia":[{"embeddable":true,"href":"http:\/\/www.locacaodemaquinas.com.br\/site\/wp-json\/wp\/v2\/media\/3017"}],"wp:attachment":[{"href":"http:\/\/www.locacaodemaquinas.com.br\/site\/wp-json\/wp\/v2\/media?parent=3015"}],"wp:term":[{"taxonomy":"product_cat","embeddable":true,"href":"http:\/\/www.locacaodemaquinas.com.br\/site\/wp-json\/wp\/v2\/product_cat?post=3015"},{"taxonomy":"product_tag","embeddable":true,"href":"http:\/\/www.locacaodemaquinas.com.br\/site\/wp-json\/wp\/v2\/product_tag?post=3015"}],"curies":[{"name":"wp","href":"https:\/\/api.w.org\/{rel}","templated":true}]}}