{"id":3020,"date":"2022-09-26T17:23:38","date_gmt":"2022-09-26T20:23:38","guid":{"rendered":"http:\/\/www.locacaodemaquinas.com.br\/site\/?post_type=product&#038;p=3020"},"modified":"2022-09-26T17:26:12","modified_gmt":"2022-09-26T20:26:12","slug":"rebitador-manual-r100-irwin","status":"publish","type":"product","link":"http:\/\/www.locacaodemaquinas.com.br\/site\/loja\/principais-marcas\/marca-irwin\/rebitador-manual-r100-irwin\/","title":{"rendered":"Rebitador Manual R100 &#8211; Irwin"},"content":{"rendered":"<p><strong>Caracter\u00edsticas<\/strong><\/p>\n<ul>\n<li>Rebitador com o corpo em a\u00e7o de alta performance com espessura de 2,0 mil\u00edmetros e castanhas internas em a\u00e7o cromo molibd\u00eanio<\/li>\n<li>Possui cabo emborrachado e antideslizante para maior conforto e seguran\u00e7a<\/li>\n<li>durante o uso<\/li>\n<li>Mais usado para pequenos reparos e fixa\u00e7\u00e3o para os usu\u00e1rios da constru\u00e7\u00e3o e<\/li>\n<li>profissionais da mec\u00e2nica.<\/li>\n<li>Aplica\u00e7\u00e3o exclusiva em rebites de alum\u00ednio<br \/>\nTamanho: 10.5\u201d<\/li>\n<\/ul>\n<p>Acompanha 4 bicos para diferentes tamanhos de rebites e chave para troca:<br \/>\n2,4mm \u2013 3\/32<br \/>\n3,2 mm \u2013 1\/8\u201d<br \/>\n4,0 mm \u2013 5\/32\u201d<br \/>\n4,8 mm \u2013 3\/16\u201d<\/p>\n","protected":false},"excerpt":{"rendered":"<p>Ferramenta articulada que serve fundamentalmente para unir dois ou mais materiais atrav\u00e9s de rebites de repuxo de forma segura e eficaz, podendo utilizar rebites de a\u00e7o, alum\u00ednio ou mistos.<\/p>\n","protected":false},"featured_media":3023,"comment_status":"open","ping_status":"closed","template":"","meta":[],"product_cat":[342,345,45,517],"product_tag":[831,585,838],"acf":[],"_links":{"self":[{"href":"http:\/\/www.locacaodemaquinas.com.br\/site\/wp-json\/wp\/v2\/product\/3020"}],"collection":[{"href":"http:\/\/www.locacaodemaquinas.com.br\/site\/wp-json\/wp\/v2\/product"}],"about":[{"href":"http:\/\/www.locacaodemaquinas.com.br\/site\/wp-json\/wp\/v2\/types\/product"}],"replies":[{"embeddable":true,"href":"http:\/\/www.locacaodemaquinas.com.br\/site\/wp-json\/wp\/v2\/comments?post=3020"}],"wp:featuredmedia":[{"embeddable":true,"href":"http:\/\/www.locacaodemaquinas.com.br\/site\/wp-json\/wp\/v2\/media\/3023"}],"wp:attachment":[{"href":"http:\/\/www.locacaodemaquinas.com.br\/site\/wp-json\/wp\/v2\/media?parent=3020"}],"wp:term":[{"taxonomy":"product_cat","embeddable":true,"href":"http:\/\/www.locacaodemaquinas.com.br\/site\/wp-json\/wp\/v2\/product_cat?post=3020"},{"taxonomy":"product_tag","embeddable":true,"href":"http:\/\/www.locacaodemaquinas.com.br\/site\/wp-json\/wp\/v2\/product_tag?post=3020"}],"curies":[{"name":"wp","href":"https:\/\/api.w.org\/{rel}","templated":true}]}}