{"id":3034,"date":"2022-09-27T10:15:37","date_gmt":"2022-09-27T13:15:37","guid":{"rendered":"http:\/\/www.locacaodemaquinas.com.br\/site\/?post_type=product&#038;p=3034"},"modified":"2022-09-27T10:36:58","modified_gmt":"2022-09-27T13:36:58","slug":"grampeador-pneumatico-para-grampos-10-a-22mm-mtx","status":"publish","type":"product","link":"http:\/\/www.locacaodemaquinas.com.br\/site\/loja\/venda\/fixadores\/grampeador-pneumatico-para-grampos-10-a-22mm-mtx\/","title":{"rendered":"Grampeador Pneum\u00e1tico para Grampos 10 \u00e0 22mm &#8211; MTX"},"content":{"rendered":"","protected":false},"excerpt":{"rendered":"<p>Grampeador pneum\u00e1tico elaborado para a fixa\u00e7\u00e3o r\u00e1pida e confi\u00e1vel de pisos de madeira, madeira compensada, MDF, placa de gesso, couro, tecido e papel para superf\u00edcies de madeira. Conta com compartimento com capacidade de 160 grampos de 10 \u00e0 22mm.<\/p>\n","protected":false},"featured_media":3035,"comment_status":"open","ping_status":"closed","template":"","meta":[],"product_cat":[45,517],"product_tag":[839,842,843,547,844],"acf":[],"_links":{"self":[{"href":"http:\/\/www.locacaodemaquinas.com.br\/site\/wp-json\/wp\/v2\/product\/3034"}],"collection":[{"href":"http:\/\/www.locacaodemaquinas.com.br\/site\/wp-json\/wp\/v2\/product"}],"about":[{"href":"http:\/\/www.locacaodemaquinas.com.br\/site\/wp-json\/wp\/v2\/types\/product"}],"replies":[{"embeddable":true,"href":"http:\/\/www.locacaodemaquinas.com.br\/site\/wp-json\/wp\/v2\/comments?post=3034"}],"wp:featuredmedia":[{"embeddable":true,"href":"http:\/\/www.locacaodemaquinas.com.br\/site\/wp-json\/wp\/v2\/media\/3035"}],"wp:attachment":[{"href":"http:\/\/www.locacaodemaquinas.com.br\/site\/wp-json\/wp\/v2\/media?parent=3034"}],"wp:term":[{"taxonomy":"product_cat","embeddable":true,"href":"http:\/\/www.locacaodemaquinas.com.br\/site\/wp-json\/wp\/v2\/product_cat?post=3034"},{"taxonomy":"product_tag","embeddable":true,"href":"http:\/\/www.locacaodemaquinas.com.br\/site\/wp-json\/wp\/v2\/product_tag?post=3034"}],"curies":[{"name":"wp","href":"https:\/\/api.w.org\/{rel}","templated":true}]}}