{"id":3037,"date":"2022-09-27T10:39:31","date_gmt":"2022-09-27T13:39:31","guid":{"rendered":"http:\/\/www.locacaodemaquinas.com.br\/site\/?post_type=product&#038;p=3037"},"modified":"2022-09-27T10:51:59","modified_gmt":"2022-09-27T13:51:59","slug":"prego-8x8-com-cabeca-1-kg-gerdau","status":"publish","type":"product","link":"http:\/\/www.locacaodemaquinas.com.br\/site\/loja\/venda\/fixadores\/prego-8x8-com-cabeca-1-kg-gerdau\/","title":{"rendered":"Prego 8&#215;8 com Cabe\u00e7a 1 kg &#8211; Gerdau"},"content":{"rendered":"","protected":false},"excerpt":{"rendered":"<p>O Prego com cabe\u00e7a possui corpo liso, ponta tipo diamante e acabamento polido. Ideal para uso em marcenaria, m\u00f3veis, assoalhos, rodap\u00e9s, guarni\u00e7\u00f5es, portas e janelas.<\/p>\n<p>N\u00e3o mancha a madeira, n\u00e3o suja as m\u00e3os, possui ponta perfeita e comprimento preciso.<\/p>\n","protected":false},"featured_media":3039,"comment_status":"open","ping_status":"closed","template":"","meta":[],"product_cat":[45,517],"product_tag":[839,846,845],"acf":[],"_links":{"self":[{"href":"http:\/\/www.locacaodemaquinas.com.br\/site\/wp-json\/wp\/v2\/product\/3037"}],"collection":[{"href":"http:\/\/www.locacaodemaquinas.com.br\/site\/wp-json\/wp\/v2\/product"}],"about":[{"href":"http:\/\/www.locacaodemaquinas.com.br\/site\/wp-json\/wp\/v2\/types\/product"}],"replies":[{"embeddable":true,"href":"http:\/\/www.locacaodemaquinas.com.br\/site\/wp-json\/wp\/v2\/comments?post=3037"}],"wp:featuredmedia":[{"embeddable":true,"href":"http:\/\/www.locacaodemaquinas.com.br\/site\/wp-json\/wp\/v2\/media\/3039"}],"wp:attachment":[{"href":"http:\/\/www.locacaodemaquinas.com.br\/site\/wp-json\/wp\/v2\/media?parent=3037"}],"wp:term":[{"taxonomy":"product_cat","embeddable":true,"href":"http:\/\/www.locacaodemaquinas.com.br\/site\/wp-json\/wp\/v2\/product_cat?post=3037"},{"taxonomy":"product_tag","embeddable":true,"href":"http:\/\/www.locacaodemaquinas.com.br\/site\/wp-json\/wp\/v2\/product_tag?post=3037"}],"curies":[{"name":"wp","href":"https:\/\/api.w.org\/{rel}","templated":true}]}}