{"id":3041,"date":"2022-09-27T10:52:53","date_gmt":"2022-09-27T13:52:53","guid":{"rendered":"http:\/\/www.locacaodemaquinas.com.br\/site\/?post_type=product&#038;p=3041"},"modified":"2022-09-27T16:09:58","modified_gmt":"2022-09-27T19:09:58","slug":"abracadeira-aco-rosca-sem-fim-a-3-8-x-1-2-jomarca","status":"publish","type":"product","link":"http:\/\/www.locacaodemaquinas.com.br\/site\/loja\/venda\/fixadores\/abracadeira-aco-rosca-sem-fim-a-3-8-x-1-2-jomarca\/","title":{"rendered":"Abra\u00e7adeira A\u00e7o Rosca Sem Fim a 3\/8 x 1\/2&#8243; &#8211; Jomarca"},"content":{"rendered":"<p>Instala\u00e7\u00e3o:<br \/>\nPara uma correta instala\u00e7\u00e3o deve-se primeiramente transpassar por dentro da abra\u00e7adeira, a mangueira ou o bocal de instala\u00e7\u00e3o. Em seguida basta acoplar o bocal ou a mangueira que deseja-se fixar, girando o parafuso atrav\u00e9s de chave de fenda, at\u00e9 fixar conforme desejado.<\/p>\n","protected":false},"excerpt":{"rendered":"<p>Fornecidas em a\u00e7o com acabamento superficial zincada, e parafuso bicromatizado, as abra\u00e7adeiras da linha ROSCA SEM FIM s\u00e3o indicadas na maioria das instala\u00e7\u00f5es residenciais ou industriais para instala\u00e7\u00e3o em mangueiras hidr\u00e1ulicas, de g\u00e1s, jardim, irriga\u00e7\u00e3o e tamb\u00e9m na linha automotiva, devido a sua ampla varia\u00e7\u00e3o de di\u00e2metros, podendo com isto, compensar varia\u00e7\u00f5es de di\u00e2metros dos bocais e mangueiras, atrav\u00e9s da sua grande capacidade de aperto.<\/p>\n","protected":false},"featured_media":3042,"comment_status":"open","ping_status":"closed","template":"","meta":[],"product_cat":[45,517],"product_tag":[847,839,848],"acf":[],"_links":{"self":[{"href":"http:\/\/www.locacaodemaquinas.com.br\/site\/wp-json\/wp\/v2\/product\/3041"}],"collection":[{"href":"http:\/\/www.locacaodemaquinas.com.br\/site\/wp-json\/wp\/v2\/product"}],"about":[{"href":"http:\/\/www.locacaodemaquinas.com.br\/site\/wp-json\/wp\/v2\/types\/product"}],"replies":[{"embeddable":true,"href":"http:\/\/www.locacaodemaquinas.com.br\/site\/wp-json\/wp\/v2\/comments?post=3041"}],"wp:featuredmedia":[{"embeddable":true,"href":"http:\/\/www.locacaodemaquinas.com.br\/site\/wp-json\/wp\/v2\/media\/3042"}],"wp:attachment":[{"href":"http:\/\/www.locacaodemaquinas.com.br\/site\/wp-json\/wp\/v2\/media?parent=3041"}],"wp:term":[{"taxonomy":"product_cat","embeddable":true,"href":"http:\/\/www.locacaodemaquinas.com.br\/site\/wp-json\/wp\/v2\/product_cat?post=3041"},{"taxonomy":"product_tag","embeddable":true,"href":"http:\/\/www.locacaodemaquinas.com.br\/site\/wp-json\/wp\/v2\/product_tag?post=3041"}],"curies":[{"name":"wp","href":"https:\/\/api.w.org\/{rel}","templated":true}]}}