{"id":3044,"date":"2022-09-27T16:39:54","date_gmt":"2022-09-27T19:39:54","guid":{"rendered":"http:\/\/www.locacaodemaquinas.com.br\/site\/?post_type=product&#038;p=3044"},"modified":"2022-09-27T16:40:28","modified_gmt":"2022-09-27T19:40:28","slug":"serra-1-2-esquadria-10-dw714-1650w-dewalt","status":"publish","type":"product","link":"http:\/\/www.locacaodemaquinas.com.br\/site\/loja\/principais-marcas\/marca-dewalt\/serra-1-2-esquadria-10-dw714-1650w-dewalt\/","title":{"rendered":"Serra 1\/2 Esquadria 10&#8243;  DW714 1650W &#8211; Dewalt"},"content":{"rendered":"<p>Serra meia esquadria, para discos de 10\u2019\u2019 (254 mm), com ajuste para cortes em bisel at\u00e9 45\u00b0, mesa deslizante em alum\u00ednio com rolamentos radiais, ajuste de corte em \u00e2ngulo at\u00e9 52\u00b0, velocidade de rota\u00e7\u00e3o de 4600 RPM e pot\u00eancia de 1650W, com ajuste manual anal\u00f3gico, alavanca para ajuste r\u00e1pido de posi\u00e7\u00e3o para corte, placa de reten\u00e7\u00e3o de \u00e2ngulo com 9 paradas, coletor de res\u00edduos de corte, permitindo cortar v\u00e1rios materiais, tais como pain\u00e9is amadeirados, madeira maci\u00e7a, metais n\u00e3o ferrosos e pl\u00e1stico, sistema de freio motor controlado por placa eletr\u00f4nica para uma parada r\u00e1pida do disco em at\u00e9 10s.<\/p>\n","protected":false},"excerpt":{"rendered":"<p>Cortes em madeiras, alum\u00ednio e pl\u00e1sticos.<\/p>\n","protected":false},"featured_media":3048,"comment_status":"open","ping_status":"closed","template":"","meta":[],"product_cat":[347,45,522],"product_tag":[37,850],"acf":[],"_links":{"self":[{"href":"http:\/\/www.locacaodemaquinas.com.br\/site\/wp-json\/wp\/v2\/product\/3044"}],"collection":[{"href":"http:\/\/www.locacaodemaquinas.com.br\/site\/wp-json\/wp\/v2\/product"}],"about":[{"href":"http:\/\/www.locacaodemaquinas.com.br\/site\/wp-json\/wp\/v2\/types\/product"}],"replies":[{"embeddable":true,"href":"http:\/\/www.locacaodemaquinas.com.br\/site\/wp-json\/wp\/v2\/comments?post=3044"}],"wp:featuredmedia":[{"embeddable":true,"href":"http:\/\/www.locacaodemaquinas.com.br\/site\/wp-json\/wp\/v2\/media\/3048"}],"wp:attachment":[{"href":"http:\/\/www.locacaodemaquinas.com.br\/site\/wp-json\/wp\/v2\/media?parent=3044"}],"wp:term":[{"taxonomy":"product_cat","embeddable":true,"href":"http:\/\/www.locacaodemaquinas.com.br\/site\/wp-json\/wp\/v2\/product_cat?post=3044"},{"taxonomy":"product_tag","embeddable":true,"href":"http:\/\/www.locacaodemaquinas.com.br\/site\/wp-json\/wp\/v2\/product_tag?post=3044"}],"curies":[{"name":"wp","href":"https:\/\/api.w.org\/{rel}","templated":true}]}}