{"id":3052,"date":"2022-09-27T17:18:04","date_gmt":"2022-09-27T20:18:04","guid":{"rendered":"http:\/\/www.locacaodemaquinas.com.br\/site\/?post_type=product&#038;p=3052"},"modified":"2023-02-06T11:10:36","modified_gmt":"2023-02-06T14:10:36","slug":"multimetro-digital-com-alicate-amperimetro-foxlux","status":"publish","type":"product","link":"http:\/\/www.locacaodemaquinas.com.br\/site\/loja\/venda\/material-eletrico\/multimetro-digital-com-alicate-amperimetro-foxlux\/","title":{"rendered":"Mult\u00edmetro Digital com Alicate Amper\u00edmetro &#8211; Foxlux"},"content":{"rendered":"<ul>\n<li class=\"p1\"><span class=\"s1\">De acordo com categoria II de seguran\u00e7a, com congelamento de leitura e picos, modo relativo e registro de MAX\/MIN.<\/span><\/li>\n<li class=\"p1\"><span class=\"s1\">Acompanha: bateria, ponta de prova e estojo exclusivo<\/span><\/li>\n<li class=\"p1\"><span class=\"s1\">Mede tens\u00e3o cont\u00ednua e alternada<\/span><\/li>\n<\/ul>\n","protected":false},"excerpt":{"rendered":"<p class=\"p1\"><span class=\"s1\">O Mult\u00edmetro Digital da Foxlux mede tens\u00e3o cont\u00ednua e alternada, corrente alternada at\u00e9 1000A, resist\u00eancia, e realiza testes de diodo e continuidade. \u00c9 ideal para uso de eletricistas, t\u00e9cnicos em manuten\u00e7\u00e3o e estudantes em medi\u00e7\u00f5es de correntes em motores el\u00e9tricos, redes de distribui\u00e7\u00e3o e instala\u00e7\u00f5es de dif\u00edcil acesso.<\/span><\/p>\n","protected":false},"featured_media":3055,"comment_status":"open","ping_status":"closed","template":"","meta":[],"product_cat":[45,523,524],"product_tag":[852,832,851],"acf":[],"_links":{"self":[{"href":"http:\/\/www.locacaodemaquinas.com.br\/site\/wp-json\/wp\/v2\/product\/3052"}],"collection":[{"href":"http:\/\/www.locacaodemaquinas.com.br\/site\/wp-json\/wp\/v2\/product"}],"about":[{"href":"http:\/\/www.locacaodemaquinas.com.br\/site\/wp-json\/wp\/v2\/types\/product"}],"replies":[{"embeddable":true,"href":"http:\/\/www.locacaodemaquinas.com.br\/site\/wp-json\/wp\/v2\/comments?post=3052"}],"wp:featuredmedia":[{"embeddable":true,"href":"http:\/\/www.locacaodemaquinas.com.br\/site\/wp-json\/wp\/v2\/media\/3055"}],"wp:attachment":[{"href":"http:\/\/www.locacaodemaquinas.com.br\/site\/wp-json\/wp\/v2\/media?parent=3052"}],"wp:term":[{"taxonomy":"product_cat","embeddable":true,"href":"http:\/\/www.locacaodemaquinas.com.br\/site\/wp-json\/wp\/v2\/product_cat?post=3052"},{"taxonomy":"product_tag","embeddable":true,"href":"http:\/\/www.locacaodemaquinas.com.br\/site\/wp-json\/wp\/v2\/product_tag?post=3052"}],"curies":[{"name":"wp","href":"https:\/\/api.w.org\/{rel}","templated":true}]}}