{"id":3070,"date":"2022-09-28T15:50:51","date_gmt":"2022-09-28T18:50:51","guid":{"rendered":"http:\/\/www.locacaodemaquinas.com.br\/site\/?post_type=product&#038;p=3070"},"modified":"2022-09-28T15:52:47","modified_gmt":"2022-09-28T18:52:47","slug":"pistola-para-pintura-ar-direto-mod-90-caneca-e-tampa-de-nylon-arprex","status":"publish","type":"product","link":"http:\/\/www.locacaodemaquinas.com.br\/site\/loja\/venda\/pintura-e-linha-pneumatica\/pistola-para-pintura-ar-direto-mod-90-caneca-e-tampa-de-nylon-arprex\/","title":{"rendered":"Pistola para Pintura Ar Direto Mod.90 Caneca e Tampa de Nylon &#8211; ARPREX"},"content":{"rendered":"","protected":false},"excerpt":{"rendered":"<p>Pistola para pintura, com caneca pl\u00e1stica, tipo suc\u00e7\u00e3o, ar direto, 90, ARPREX.<\/p>\n","protected":false},"featured_media":1084,"comment_status":"open","ping_status":"closed","template":"","meta":[],"product_cat":[45,526],"product_tag":[394,395,41,384],"acf":[],"_links":{"self":[{"href":"http:\/\/www.locacaodemaquinas.com.br\/site\/wp-json\/wp\/v2\/product\/3070"}],"collection":[{"href":"http:\/\/www.locacaodemaquinas.com.br\/site\/wp-json\/wp\/v2\/product"}],"about":[{"href":"http:\/\/www.locacaodemaquinas.com.br\/site\/wp-json\/wp\/v2\/types\/product"}],"replies":[{"embeddable":true,"href":"http:\/\/www.locacaodemaquinas.com.br\/site\/wp-json\/wp\/v2\/comments?post=3070"}],"wp:featuredmedia":[{"embeddable":true,"href":"http:\/\/www.locacaodemaquinas.com.br\/site\/wp-json\/wp\/v2\/media\/1084"}],"wp:attachment":[{"href":"http:\/\/www.locacaodemaquinas.com.br\/site\/wp-json\/wp\/v2\/media?parent=3070"}],"wp:term":[{"taxonomy":"product_cat","embeddable":true,"href":"http:\/\/www.locacaodemaquinas.com.br\/site\/wp-json\/wp\/v2\/product_cat?post=3070"},{"taxonomy":"product_tag","embeddable":true,"href":"http:\/\/www.locacaodemaquinas.com.br\/site\/wp-json\/wp\/v2\/product_tag?post=3070"}],"curies":[{"name":"wp","href":"https:\/\/api.w.org\/{rel}","templated":true}]}}