{"id":3076,"date":"2022-09-28T17:20:21","date_gmt":"2022-09-28T20:20:21","guid":{"rendered":"http:\/\/www.locacaodemaquinas.com.br\/site\/?post_type=product&#038;p=3076"},"modified":"2022-09-28T17:27:08","modified_gmt":"2022-09-28T20:27:08","slug":"tekspray-tinta-super-color-branco-brilhante-tekbond","status":"publish","type":"product","link":"http:\/\/www.locacaodemaquinas.com.br\/site\/loja\/venda\/pintura-e-linha-pneumatica\/tekspray-tinta-super-color-branco-brilhante-tekbond\/","title":{"rendered":"Tekspray Tinta Super Color Branco Brilhante &#8211; TEKBOND"},"content":{"rendered":"<h4>INSTRU\u00c7\u00d5ES\u00a0DE\u00a0USO:\u00a0PREPARO DA SUPERF\u00cdCIE:<\/h4>\n<p>&nbsp;<\/p>\n<p>1. Proteja as partes que n\u00e3o ser\u00e3o pintadas com papel, papel\u00e3o ou pl\u00e1stico.<\/p>\n<p>2. Aplique de 2 a 3 dem\u00e3os em camadas bem finas.<\/p>\n<p>3. Entre cada dem\u00e3o de verniz, aguarde um intervalo de 1 a 3 minutos.<\/p>\n<p>4. Para o toque aguarde um intervalo de 30 minutos.<\/p>\n<p>5. Para manuseio da pe\u00e7a aguarde um intervalo de 3 horas.<\/p>\n<p>6. Cura total em 24 horas e para testes mec\u00e2nicos, recomendamos 72 horas.<\/p>\n<p>&nbsp;<\/p>\n<p>Rendimento aproximado: 1,7 m2 a 2,1 m2 por embalagem.<\/p>\n","protected":false},"excerpt":{"rendered":"<h4>ARMAZENAMENTO:<\/h4>\n<p>Manter em local coberto e ventilado (temperatura inferior a 50\u00b0 C). Nestas condi\u00e7\u00f5es, o produto em sua embalagem original e lacrada tem garantia de 3 anos a partir da sua data de fabrica\u00e7\u00e3o.<\/p>\n","protected":false},"featured_media":3077,"comment_status":"open","ping_status":"closed","template":"","meta":[],"product_cat":[45,526],"product_tag":[41,575,563],"acf":[],"_links":{"self":[{"href":"http:\/\/www.locacaodemaquinas.com.br\/site\/wp-json\/wp\/v2\/product\/3076"}],"collection":[{"href":"http:\/\/www.locacaodemaquinas.com.br\/site\/wp-json\/wp\/v2\/product"}],"about":[{"href":"http:\/\/www.locacaodemaquinas.com.br\/site\/wp-json\/wp\/v2\/types\/product"}],"replies":[{"embeddable":true,"href":"http:\/\/www.locacaodemaquinas.com.br\/site\/wp-json\/wp\/v2\/comments?post=3076"}],"wp:featuredmedia":[{"embeddable":true,"href":"http:\/\/www.locacaodemaquinas.com.br\/site\/wp-json\/wp\/v2\/media\/3077"}],"wp:attachment":[{"href":"http:\/\/www.locacaodemaquinas.com.br\/site\/wp-json\/wp\/v2\/media?parent=3076"}],"wp:term":[{"taxonomy":"product_cat","embeddable":true,"href":"http:\/\/www.locacaodemaquinas.com.br\/site\/wp-json\/wp\/v2\/product_cat?post=3076"},{"taxonomy":"product_tag","embeddable":true,"href":"http:\/\/www.locacaodemaquinas.com.br\/site\/wp-json\/wp\/v2\/product_tag?post=3076"}],"curies":[{"name":"wp","href":"https:\/\/api.w.org\/{rel}","templated":true}]}}