{"id":3090,"date":"2022-09-29T12:48:45","date_gmt":"2022-09-29T15:48:45","guid":{"rendered":"http:\/\/www.locacaodemaquinas.com.br\/site\/?post_type=product&#038;p=3090"},"modified":"2022-09-29T13:03:43","modified_gmt":"2022-09-29T16:03:43","slug":"rodizio-de-silicone-3-placa-giratoria-com-trava-starfer","status":"publish","type":"product","link":"http:\/\/www.locacaodemaquinas.com.br\/site\/loja\/venda\/rodizios-rodas-e-pneus\/rodizio-de-silicone-3-placa-giratoria-com-trava-starfer\/","title":{"rendered":"Rod\u00edzio de Silicone 3&#8243; Placa Girat\u00f3ria com Trava &#8211; Starfer"},"content":{"rendered":"","protected":false},"excerpt":{"rendered":"<p>Rod\u00edzio Silicone placa girat\u00f3ria com trava STARFER \u00e9 aplicado a qualquer tipo de carrinho ou equipamento leve, movido por tra\u00e7\u00e3o manual, em trajetos curtos ou m\u00e9dios, sobre pisos bem conservados. Possui trava para maior seguran\u00e7a.<\/p>\n","protected":false},"featured_media":3088,"comment_status":"open","ping_status":"closed","template":"","meta":[],"product_cat":[45,527],"product_tag":[863,862,251],"acf":[],"_links":{"self":[{"href":"http:\/\/www.locacaodemaquinas.com.br\/site\/wp-json\/wp\/v2\/product\/3090"}],"collection":[{"href":"http:\/\/www.locacaodemaquinas.com.br\/site\/wp-json\/wp\/v2\/product"}],"about":[{"href":"http:\/\/www.locacaodemaquinas.com.br\/site\/wp-json\/wp\/v2\/types\/product"}],"replies":[{"embeddable":true,"href":"http:\/\/www.locacaodemaquinas.com.br\/site\/wp-json\/wp\/v2\/comments?post=3090"}],"wp:featuredmedia":[{"embeddable":true,"href":"http:\/\/www.locacaodemaquinas.com.br\/site\/wp-json\/wp\/v2\/media\/3088"}],"wp:attachment":[{"href":"http:\/\/www.locacaodemaquinas.com.br\/site\/wp-json\/wp\/v2\/media?parent=3090"}],"wp:term":[{"taxonomy":"product_cat","embeddable":true,"href":"http:\/\/www.locacaodemaquinas.com.br\/site\/wp-json\/wp\/v2\/product_cat?post=3090"},{"taxonomy":"product_tag","embeddable":true,"href":"http:\/\/www.locacaodemaquinas.com.br\/site\/wp-json\/wp\/v2\/product_tag?post=3090"}],"curies":[{"name":"wp","href":"https:\/\/api.w.org\/{rel}","templated":true}]}}