{"id":3093,"date":"2022-09-29T12:55:55","date_gmt":"2022-09-29T15:55:55","guid":{"rendered":"http:\/\/www.locacaodemaquinas.com.br\/site\/?post_type=product&#038;p=3093"},"modified":"2022-09-29T17:00:49","modified_gmt":"2022-09-29T20:00:49","slug":"roda-carrinho-pedreiro-352x8mm-pu-macico-rd05-alcalay","status":"publish","type":"product","link":"http:\/\/www.locacaodemaquinas.com.br\/site\/loja\/venda\/rodizios-rodas-e-pneus\/roda-carrinho-pedreiro-352x8mm-pu-macico-rd05-alcalay\/","title":{"rendered":"Roda Carrinho Pedreiro 352x8mm PU Maci\u00e7o RD05 &#8211; Alcalay"},"content":{"rendered":"<ul>\n<li>Pneu macio e leve<\/li>\n<li>Sem c\u00e2mera de ar<\/li>\n<li>N\u00e3o fura e n\u00e3o esvazia<\/li>\n<li>N\u00e3o enferruja<\/li>\n<li>\u00d3tima absor\u00e7\u00e3o de impactos<\/li>\n<\/ul>\n<p>Pneus que agregam valor em seu equipamento com melhor custo benef\u00edcio!<\/p>\n","protected":false},"excerpt":{"rendered":"<ul>\n<li>Os pneus podem ser usados em diversos carrinhos de carga, carrinhos de g\u00e1s, carrinhos plataformas, carrinho de m\u00e3o (carriola) e diversos equipamentos.<\/li>\n<li>O pneu de P.U Poliuretano maci\u00e7o tem uma vida \u00fatil de 5 a 6 anos.<\/li>\n<\/ul>\n<p>&nbsp;<\/p>\n","protected":false},"featured_media":3095,"comment_status":"open","ping_status":"closed","template":"","meta":[],"product_cat":[45,527],"product_tag":[867,866,865,253],"acf":[],"_links":{"self":[{"href":"http:\/\/www.locacaodemaquinas.com.br\/site\/wp-json\/wp\/v2\/product\/3093"}],"collection":[{"href":"http:\/\/www.locacaodemaquinas.com.br\/site\/wp-json\/wp\/v2\/product"}],"about":[{"href":"http:\/\/www.locacaodemaquinas.com.br\/site\/wp-json\/wp\/v2\/types\/product"}],"replies":[{"embeddable":true,"href":"http:\/\/www.locacaodemaquinas.com.br\/site\/wp-json\/wp\/v2\/comments?post=3093"}],"wp:featuredmedia":[{"embeddable":true,"href":"http:\/\/www.locacaodemaquinas.com.br\/site\/wp-json\/wp\/v2\/media\/3095"}],"wp:attachment":[{"href":"http:\/\/www.locacaodemaquinas.com.br\/site\/wp-json\/wp\/v2\/media?parent=3093"}],"wp:term":[{"taxonomy":"product_cat","embeddable":true,"href":"http:\/\/www.locacaodemaquinas.com.br\/site\/wp-json\/wp\/v2\/product_cat?post=3093"},{"taxonomy":"product_tag","embeddable":true,"href":"http:\/\/www.locacaodemaquinas.com.br\/site\/wp-json\/wp\/v2\/product_tag?post=3093"}],"curies":[{"name":"wp","href":"https:\/\/api.w.org\/{rel}","templated":true}]}}