{"id":3099,"date":"2022-09-29T17:05:25","date_gmt":"2022-09-29T20:05:25","guid":{"rendered":"http:\/\/www.locacaodemaquinas.com.br\/site\/?post_type=product&#038;p=3099"},"modified":"2022-09-29T17:39:12","modified_gmt":"2022-09-29T20:39:12","slug":"pneu-para-carrinho-325x8mm-fischer","status":"publish","type":"product","link":"http:\/\/www.locacaodemaquinas.com.br\/site\/loja\/venda\/rodizios-rodas-e-pneus\/pneu-para-carrinho-325x8mm-fischer\/","title":{"rendered":"Pneu para Carrinho 3,25x8mm &#8211; Fischer"},"content":{"rendered":"<p>Utilizado em carrinhos de m\u00e3o, carrinhos de carga ou carrinhos industriais.<\/p>\n","protected":false},"excerpt":{"rendered":"<p>Oferece a voc\u00ea mais efici\u00eancia e possui excelente desempenho nas suas necessidades, fabricados com o que h\u00e1 de mais moderno em mat\u00e9ria-prima aliado \u00e0 mais alta tecnologia.<\/p>\n<p>Proporciona mais resist\u00eancia, al\u00e9m de maior versatilidade.<\/p>\n","protected":false},"featured_media":3100,"comment_status":"open","ping_status":"closed","template":"","meta":[],"product_cat":[45,527],"product_tag":[866,868,865,253],"acf":[],"_links":{"self":[{"href":"http:\/\/www.locacaodemaquinas.com.br\/site\/wp-json\/wp\/v2\/product\/3099"}],"collection":[{"href":"http:\/\/www.locacaodemaquinas.com.br\/site\/wp-json\/wp\/v2\/product"}],"about":[{"href":"http:\/\/www.locacaodemaquinas.com.br\/site\/wp-json\/wp\/v2\/types\/product"}],"replies":[{"embeddable":true,"href":"http:\/\/www.locacaodemaquinas.com.br\/site\/wp-json\/wp\/v2\/comments?post=3099"}],"wp:featuredmedia":[{"embeddable":true,"href":"http:\/\/www.locacaodemaquinas.com.br\/site\/wp-json\/wp\/v2\/media\/3100"}],"wp:attachment":[{"href":"http:\/\/www.locacaodemaquinas.com.br\/site\/wp-json\/wp\/v2\/media?parent=3099"}],"wp:term":[{"taxonomy":"product_cat","embeddable":true,"href":"http:\/\/www.locacaodemaquinas.com.br\/site\/wp-json\/wp\/v2\/product_cat?post=3099"},{"taxonomy":"product_tag","embeddable":true,"href":"http:\/\/www.locacaodemaquinas.com.br\/site\/wp-json\/wp\/v2\/product_tag?post=3099"}],"curies":[{"name":"wp","href":"https:\/\/api.w.org\/{rel}","templated":true}]}}