{"id":3101,"date":"2022-09-30T10:04:46","date_gmt":"2022-09-30T13:04:46","guid":{"rendered":"http:\/\/www.locacaodemaquinas.com.br\/site\/?post_type=product&#038;p=3101"},"modified":"2023-01-19T11:24:33","modified_gmt":"2023-01-19T14:24:33","slug":"peca-de-engate-para-rocadeira-e-podador-stihl","status":"publish","type":"product","link":"http:\/\/www.locacaodemaquinas.com.br\/site\/loja\/principais-marcas\/marca-stihl\/peca-de-engate-para-rocadeira-e-podador-stihl\/","title":{"rendered":"Pe\u00e7a De Engate para Ro\u00e7adeira e Podador &#8211; STIHL"},"content":{"rendered":"","protected":false},"excerpt":{"rendered":"<p>Aplica\u00e7\u00e3o: FS85\/ 85R \/ FR85 \/ HT75 \/ HS80 \/ SP80 \/ 80K \/ 81 \/ KA85R \/ KM55<\/p>\n","protected":false},"featured_media":3102,"comment_status":"open","ping_status":"closed","template":"","meta":[],"product_cat":[342,343,45,525],"product_tag":[869,871,365,364],"acf":[],"_links":{"self":[{"href":"http:\/\/www.locacaodemaquinas.com.br\/site\/wp-json\/wp\/v2\/product\/3101"}],"collection":[{"href":"http:\/\/www.locacaodemaquinas.com.br\/site\/wp-json\/wp\/v2\/product"}],"about":[{"href":"http:\/\/www.locacaodemaquinas.com.br\/site\/wp-json\/wp\/v2\/types\/product"}],"replies":[{"embeddable":true,"href":"http:\/\/www.locacaodemaquinas.com.br\/site\/wp-json\/wp\/v2\/comments?post=3101"}],"wp:featuredmedia":[{"embeddable":true,"href":"http:\/\/www.locacaodemaquinas.com.br\/site\/wp-json\/wp\/v2\/media\/3102"}],"wp:attachment":[{"href":"http:\/\/www.locacaodemaquinas.com.br\/site\/wp-json\/wp\/v2\/media?parent=3101"}],"wp:term":[{"taxonomy":"product_cat","embeddable":true,"href":"http:\/\/www.locacaodemaquinas.com.br\/site\/wp-json\/wp\/v2\/product_cat?post=3101"},{"taxonomy":"product_tag","embeddable":true,"href":"http:\/\/www.locacaodemaquinas.com.br\/site\/wp-json\/wp\/v2\/product_tag?post=3101"}],"curies":[{"name":"wp","href":"https:\/\/api.w.org\/{rel}","templated":true}]}}