{"id":3222,"date":"2023-01-10T11:04:17","date_gmt":"2023-01-10T14:04:17","guid":{"rendered":"http:\/\/www.locacaodemaquinas.com.br\/site\/?post_type=product&#038;p=3222"},"modified":"2023-01-10T12:19:30","modified_gmt":"2023-01-10T15:19:30","slug":"escova-de-carvao-cb153-194985-1-makita","status":"publish","type":"product","link":"http:\/\/www.locacaodemaquinas.com.br\/site\/loja\/principais-marcas\/marca-makita\/escova-de-carvao-cb153-194985-1-makita\/","title":{"rendered":"Escova de Carv\u00e3o CB153 &#8211; 194985-1 &#8211; Makita"},"content":{"rendered":"<p>Equipamentos:<\/p>\n<p>&#8211; MBS400<br \/>\n&#8211; MBS401<br \/>\n&#8211; MBS402<br \/>\n&#8211; 2012NB\/NBEX<br \/>\n&#8211; 2703\/2704<br \/>\n&#8211; 4107R<br \/>\n&#8211; 5007N\/MG<br \/>\n&#8211; 5902B<br \/>\n&#8211; LS1016<br \/>\n&#8211; LS1040<br \/>\n&#8211; LS1216\/F<br \/>\n&#8211; LS1221<\/p>\n","protected":false},"excerpt":{"rendered":"<p>Respons\u00e1vel por conduzir a corrente el\u00e9trica para o rotor, a escova de carv\u00e3o \u00e9 uma das pe\u00e7as mais importantes<br \/>\npara o funcionamento da m\u00e1quina.<br \/>\n\u00c9 aconselh\u00e1vel que se verifique as escovas de carv\u00e3o a cada 100 horas de trabalho da ferramenta.<br \/>\nO custo pela n\u00e3o substitui\u00e7\u00e3o das escovas de carv\u00e3o ou utiliza\u00e7\u00e3o de escovas paralelas, poder\u00e1 ser at\u00e9 15 vezes<br \/>\nmaior que o custo de sua substitui\u00e7\u00e3o correta.<\/p>\n","protected":false},"featured_media":3223,"comment_status":"open","ping_status":"closed","template":"","meta":[],"product_cat":[342,344,45,525],"product_tag":[876,428,874],"acf":[],"_links":{"self":[{"href":"http:\/\/www.locacaodemaquinas.com.br\/site\/wp-json\/wp\/v2\/product\/3222"}],"collection":[{"href":"http:\/\/www.locacaodemaquinas.com.br\/site\/wp-json\/wp\/v2\/product"}],"about":[{"href":"http:\/\/www.locacaodemaquinas.com.br\/site\/wp-json\/wp\/v2\/types\/product"}],"replies":[{"embeddable":true,"href":"http:\/\/www.locacaodemaquinas.com.br\/site\/wp-json\/wp\/v2\/comments?post=3222"}],"wp:featuredmedia":[{"embeddable":true,"href":"http:\/\/www.locacaodemaquinas.com.br\/site\/wp-json\/wp\/v2\/media\/3223"}],"wp:attachment":[{"href":"http:\/\/www.locacaodemaquinas.com.br\/site\/wp-json\/wp\/v2\/media?parent=3222"}],"wp:term":[{"taxonomy":"product_cat","embeddable":true,"href":"http:\/\/www.locacaodemaquinas.com.br\/site\/wp-json\/wp\/v2\/product_cat?post=3222"},{"taxonomy":"product_tag","embeddable":true,"href":"http:\/\/www.locacaodemaquinas.com.br\/site\/wp-json\/wp\/v2\/product_tag?post=3222"}],"curies":[{"name":"wp","href":"https:\/\/api.w.org\/{rel}","templated":true}]}}