{"id":3225,"date":"2023-01-10T16:28:57","date_gmt":"2023-01-10T19:28:57","guid":{"rendered":"http:\/\/www.locacaodemaquinas.com.br\/site\/?post_type=product&#038;p=3225"},"modified":"2023-01-10T16:28:58","modified_gmt":"2023-01-10T19:28:58","slug":"bomba-para-extratora-60-hz-127v-ipc","status":"publish","type":"product","link":"http:\/\/www.locacaodemaquinas.com.br\/site\/loja\/venda\/pecas-de-reposicao\/bomba-para-extratora-60-hz-127v-ipc\/","title":{"rendered":"Bomba para Extratora 60 Hz 127V &#8211; IPC"},"content":{"rendered":"","protected":false},"excerpt":{"rendered":"<p>Bomba para Extratora 60HZ 127V MEPD00013, pe\u00e7a original IPC para m\u00e1quinas extratoras IPC.<\/p>\n<p>Compat\u00edvel\u00a0com Extratoras A135, P150, Lava e Lava Pro.<\/p>\n<p>Para demais d\u00favidas, entre em contato conosco, estaremos a disposi\u00e7\u00e3o.<\/p>\n","protected":false},"featured_media":3227,"comment_status":"open","ping_status":"closed","template":"","meta":[],"product_cat":[45,525],"product_tag":[584,878,318,874],"acf":[],"_links":{"self":[{"href":"http:\/\/www.locacaodemaquinas.com.br\/site\/wp-json\/wp\/v2\/product\/3225"}],"collection":[{"href":"http:\/\/www.locacaodemaquinas.com.br\/site\/wp-json\/wp\/v2\/product"}],"about":[{"href":"http:\/\/www.locacaodemaquinas.com.br\/site\/wp-json\/wp\/v2\/types\/product"}],"replies":[{"embeddable":true,"href":"http:\/\/www.locacaodemaquinas.com.br\/site\/wp-json\/wp\/v2\/comments?post=3225"}],"wp:featuredmedia":[{"embeddable":true,"href":"http:\/\/www.locacaodemaquinas.com.br\/site\/wp-json\/wp\/v2\/media\/3227"}],"wp:attachment":[{"href":"http:\/\/www.locacaodemaquinas.com.br\/site\/wp-json\/wp\/v2\/media?parent=3225"}],"wp:term":[{"taxonomy":"product_cat","embeddable":true,"href":"http:\/\/www.locacaodemaquinas.com.br\/site\/wp-json\/wp\/v2\/product_cat?post=3225"},{"taxonomy":"product_tag","embeddable":true,"href":"http:\/\/www.locacaodemaquinas.com.br\/site\/wp-json\/wp\/v2\/product_tag?post=3225"}],"curies":[{"name":"wp","href":"https:\/\/api.w.org\/{rel}","templated":true}]}}