{"id":3251,"date":"2023-01-12T12:21:54","date_gmt":"2023-01-12T15:21:54","guid":{"rendered":"http:\/\/www.locacaodemaquinas.com.br\/site\/?post_type=product&#038;p=3251"},"modified":"2023-01-12T12:47:04","modified_gmt":"2023-01-12T15:47:04","slug":"espuma-expansiva-poliuretano-340gr-500ml-orbi-quimica","status":"publish","type":"product","link":"http:\/\/www.locacaodemaquinas.com.br\/site\/loja\/venda\/adesivos-vedantes-quimicos\/espuma-expansiva-poliuretano-340gr-500ml-orbi-quimica\/","title":{"rendered":"Espuma Expansiva Poliuretano 340gr\/500ml &#8211; Orbi Qu\u00edmica"},"content":{"rendered":"<p>Pode ser utilizado em montagem de janelas e molduras de portas, fixa\u00e7\u00e3o de batentes, contramarcos, prote\u00e7\u00e3o de duto, fixa\u00e7\u00e3o e isolamento de tubos de \u00e1gua, fixa\u00e7\u00e3o e veda\u00e7\u00e3o de aparelhos de ar condicionado, assentamento de banheiras de hidromassagem, encunhamento de paredes, enchimento de v\u00e3os ao redor de dutos de ventila\u00e7\u00e3o e fixa\u00e7\u00e3o em obras em geral. Adere a madeira, metal, alvenaria, PVC, concreto, ferro, alum\u00ednio, cer\u00e2micas, m\u00e1rmores, granitos e na grande maioria dos materiais de constru\u00e7\u00e3o.<\/p>\n","protected":false},"excerpt":{"rendered":"<p>ORBIFOAM Espuma Expansiva \u00e9 um adesivo de poliuretano mono componente de dispers\u00e3o manual, ideal para uso t\u00e9cnico por profissionais em obras. \u00c9 uma espuma fixadora que preenche espa\u00e7os vazios e proporciona uma fixa\u00e7\u00e3o permanente \u00e1 prova de \u00e1gua. Bloqueia a passagem de insetos e roedores.<\/p>\n","protected":false},"featured_media":3252,"comment_status":"open","ping_status":"closed","template":"","meta":[],"product_cat":[45,509],"product_tag":[886,884,885],"acf":[],"_links":{"self":[{"href":"http:\/\/www.locacaodemaquinas.com.br\/site\/wp-json\/wp\/v2\/product\/3251"}],"collection":[{"href":"http:\/\/www.locacaodemaquinas.com.br\/site\/wp-json\/wp\/v2\/product"}],"about":[{"href":"http:\/\/www.locacaodemaquinas.com.br\/site\/wp-json\/wp\/v2\/types\/product"}],"replies":[{"embeddable":true,"href":"http:\/\/www.locacaodemaquinas.com.br\/site\/wp-json\/wp\/v2\/comments?post=3251"}],"wp:featuredmedia":[{"embeddable":true,"href":"http:\/\/www.locacaodemaquinas.com.br\/site\/wp-json\/wp\/v2\/media\/3252"}],"wp:attachment":[{"href":"http:\/\/www.locacaodemaquinas.com.br\/site\/wp-json\/wp\/v2\/media?parent=3251"}],"wp:term":[{"taxonomy":"product_cat","embeddable":true,"href":"http:\/\/www.locacaodemaquinas.com.br\/site\/wp-json\/wp\/v2\/product_cat?post=3251"},{"taxonomy":"product_tag","embeddable":true,"href":"http:\/\/www.locacaodemaquinas.com.br\/site\/wp-json\/wp\/v2\/product_tag?post=3251"}],"curies":[{"name":"wp","href":"https:\/\/api.w.org\/{rel}","templated":true}]}}