{"id":3253,"date":"2023-01-12T12:46:16","date_gmt":"2023-01-12T15:46:16","guid":{"rendered":"http:\/\/www.locacaodemaquinas.com.br\/site\/?post_type=product&#038;p=3253"},"modified":"2023-02-01T10:27:02","modified_gmt":"2023-02-01T13:27:02","slug":"silicone-acetico-cinza-280g-tekbond","status":"publish","type":"product","link":"http:\/\/www.locacaodemaquinas.com.br\/site\/loja\/venda\/adesivos-vedantes-quimicos\/silicone-acetico-cinza-280g-tekbond\/","title":{"rendered":"Silicone Ac\u00e9tico Cinza 280g &#8211; TEKBOND"},"content":{"rendered":"","protected":false},"excerpt":{"rendered":"<p>O Silicone Ac\u00e9tico Cinza muito utilizado na constru\u00e7\u00e3o civil para veda\u00e7\u00e3o e selagem de superf\u00edcies vitrificadas, alum\u00ednio, vidros comuns e temperados, azulejos, lou\u00e7as sanit\u00e1rias, portas e janelas, box em banheiros etc. Possui excelente resist\u00eancia aos raios UV e pode ser aplicado em \u00e1reas externas, como selagem de calhas e rufos.<\/p>\n<h4>CARACTER\u00cdSTICAS:<\/h4>\n<p>O Silicone Ac\u00e9tico Cinza \u00e9 um adesivo selante tixotr\u00f3pico monocomponente, baixo m\u00f3dulo, antifungo e de cura ac\u00e9tica. Sua cura ocorre em temperatura ambiente e na exposi\u00e7\u00e3o \u00e0 umidade do ar.<\/p>\n","protected":false},"featured_media":3254,"comment_status":"open","ping_status":"closed","template":"","meta":[],"product_cat":[45,509],"product_tag":[886,887,563],"acf":[],"_links":{"self":[{"href":"http:\/\/www.locacaodemaquinas.com.br\/site\/wp-json\/wp\/v2\/product\/3253"}],"collection":[{"href":"http:\/\/www.locacaodemaquinas.com.br\/site\/wp-json\/wp\/v2\/product"}],"about":[{"href":"http:\/\/www.locacaodemaquinas.com.br\/site\/wp-json\/wp\/v2\/types\/product"}],"replies":[{"embeddable":true,"href":"http:\/\/www.locacaodemaquinas.com.br\/site\/wp-json\/wp\/v2\/comments?post=3253"}],"wp:featuredmedia":[{"embeddable":true,"href":"http:\/\/www.locacaodemaquinas.com.br\/site\/wp-json\/wp\/v2\/media\/3254"}],"wp:attachment":[{"href":"http:\/\/www.locacaodemaquinas.com.br\/site\/wp-json\/wp\/v2\/media?parent=3253"}],"wp:term":[{"taxonomy":"product_cat","embeddable":true,"href":"http:\/\/www.locacaodemaquinas.com.br\/site\/wp-json\/wp\/v2\/product_cat?post=3253"},{"taxonomy":"product_tag","embeddable":true,"href":"http:\/\/www.locacaodemaquinas.com.br\/site\/wp-json\/wp\/v2\/product_tag?post=3253"}],"curies":[{"name":"wp","href":"https:\/\/api.w.org\/{rel}","templated":true}]}}