{"id":3255,"date":"2023-01-12T13:10:14","date_gmt":"2023-01-12T16:10:14","guid":{"rendered":"http:\/\/www.locacaodemaquinas.com.br\/site\/?post_type=product&#038;p=3255"},"modified":"2023-02-01T10:27:12","modified_gmt":"2023-02-01T13:27:12","slug":"veda-calha-aluminio-280g-tekbond-2","status":"publish","type":"product","link":"http:\/\/www.locacaodemaquinas.com.br\/site\/loja\/venda\/adesivos-vedantes-quimicos\/veda-calha-aluminio-280g-tekbond-2\/","title":{"rendered":"Veda Calha Alum\u00ednio 280g &#8211; TEKBOND"},"content":{"rendered":"","protected":false},"excerpt":{"rendered":"<p>\u00c9 indicado para uni\u00e3o e veda\u00e7\u00e3o de Calhas, Rufos, Telhas, Pingadeiras, Galvanizados, Fibrocimento, entre outros.<\/p>\n<h4>CARACTER\u00cdSTICAS:<\/h4>\n<p>\u00c9 um l\u00edquido ultra viscoso que se aplica direta e facilmente sobre as superf\u00edcies a serem unidas e soldadas, promovendo uma perfeita veda\u00e7\u00e3o. O Veda\u00a0Calha\u00a0\u00e9 super resistente \u00e0 \u00e1gua, \u00f3leos convencionais e ao oz\u00f4nio. Proporciona montagens de melhor desempenho com qualidade e aumento da vida \u00fatil, significando uma boa redu\u00e7\u00e3o de custos. Oferece grande resist\u00eancia na desmontagem.<\/p>\n","protected":false},"featured_media":3256,"comment_status":"open","ping_status":"closed","template":"","meta":[],"product_cat":[45,509],"product_tag":[886,563,572],"acf":[],"_links":{"self":[{"href":"http:\/\/www.locacaodemaquinas.com.br\/site\/wp-json\/wp\/v2\/product\/3255"}],"collection":[{"href":"http:\/\/www.locacaodemaquinas.com.br\/site\/wp-json\/wp\/v2\/product"}],"about":[{"href":"http:\/\/www.locacaodemaquinas.com.br\/site\/wp-json\/wp\/v2\/types\/product"}],"replies":[{"embeddable":true,"href":"http:\/\/www.locacaodemaquinas.com.br\/site\/wp-json\/wp\/v2\/comments?post=3255"}],"wp:featuredmedia":[{"embeddable":true,"href":"http:\/\/www.locacaodemaquinas.com.br\/site\/wp-json\/wp\/v2\/media\/3256"}],"wp:attachment":[{"href":"http:\/\/www.locacaodemaquinas.com.br\/site\/wp-json\/wp\/v2\/media?parent=3255"}],"wp:term":[{"taxonomy":"product_cat","embeddable":true,"href":"http:\/\/www.locacaodemaquinas.com.br\/site\/wp-json\/wp\/v2\/product_cat?post=3255"},{"taxonomy":"product_tag","embeddable":true,"href":"http:\/\/www.locacaodemaquinas.com.br\/site\/wp-json\/wp\/v2\/product_tag?post=3255"}],"curies":[{"name":"wp","href":"https:\/\/api.w.org\/{rel}","templated":true}]}}