{"id":3271,"date":"2023-01-14T11:39:05","date_gmt":"2023-01-14T14:39:05","guid":{"rendered":"http:\/\/www.locacaodemaquinas.com.br\/site\/?post_type=product&#038;p=3271"},"modified":"2023-01-14T11:39:38","modified_gmt":"2023-01-14T14:39:38","slug":"caixa-de-ferramentas-16-16-013-stanley","status":"publish","type":"product","link":"http:\/\/www.locacaodemaquinas.com.br\/site\/loja\/principais-marcas\/marca-stanley-ferramentas\/caixa-de-ferramentas-16-16-013-stanley\/","title":{"rendered":"Caixa de Ferramentas 16&#8243; 16-013 &#8211; Stanley"},"content":{"rendered":"<div class=\"coh-container description-container-wrapper coh-style-product-description\">\n<div class=\"coh-container description-container\">\n<h2 class=\"coh-heading coh-style-h1---default\">Vis\u00e3o Geral do Produto<\/h2>\n<div class=\"coh-inline-element description\">Caixa de ferramentas 16&#8243; serie millenium que traz em sua composi\u00e7\u00e3o polipropileno com fechos em met\u00e1licos.<\/div>\n<div><\/div>\n<\/div>\n<\/div>\n<div id=\"additional-product-features\" class=\"coh-container coh-style-product-features-benefits\">\n<h2 class=\"coh-heading title coh-style-h1---default\">Caracter\u00edsticas Adicionais<\/h2>\n<div class=\"outer-additional-features-item\">\n<ul class=\"additional-feature-ul\">\n<li class=\"additional-feature-list-li\">Fecho com travas em metal niquelado<\/li>\n<li class=\"additional-feature-list-li\">Suporta 50kg na parte superior<\/li>\n<li class=\"additional-feature-list-li\">Estrutura diferenciada, com v\u00e1rios pontos de refor\u00e7o no interior da<\/li>\n<li class=\"additional-feature-list-li\">caixa, o que garante maior resist\u00eancia dentre os organizadores pl\u00e1sticos.<\/li>\n<\/ul>\n<\/div>\n<\/div>\n","protected":false},"excerpt":{"rendered":"<ul class=\"feature-ul\">\n<li class=\"feature-list-li\">Caixa em pl\u00e1stico PP polipropileno<\/li>\n<li class=\"feature-list-li\">Bandeja interna organizadora<\/li>\n<li class=\"feature-list-li\">2 compartimentos superiores<\/li>\n<\/ul>\n","protected":false},"featured_media":3274,"comment_status":"open","ping_status":"closed","template":"","meta":[],"product_cat":[346,511],"product_tag":[833,453],"acf":[],"_links":{"self":[{"href":"http:\/\/www.locacaodemaquinas.com.br\/site\/wp-json\/wp\/v2\/product\/3271"}],"collection":[{"href":"http:\/\/www.locacaodemaquinas.com.br\/site\/wp-json\/wp\/v2\/product"}],"about":[{"href":"http:\/\/www.locacaodemaquinas.com.br\/site\/wp-json\/wp\/v2\/types\/product"}],"replies":[{"embeddable":true,"href":"http:\/\/www.locacaodemaquinas.com.br\/site\/wp-json\/wp\/v2\/comments?post=3271"}],"wp:featuredmedia":[{"embeddable":true,"href":"http:\/\/www.locacaodemaquinas.com.br\/site\/wp-json\/wp\/v2\/media\/3274"}],"wp:attachment":[{"href":"http:\/\/www.locacaodemaquinas.com.br\/site\/wp-json\/wp\/v2\/media?parent=3271"}],"wp:term":[{"taxonomy":"product_cat","embeddable":true,"href":"http:\/\/www.locacaodemaquinas.com.br\/site\/wp-json\/wp\/v2\/product_cat?post=3271"},{"taxonomy":"product_tag","embeddable":true,"href":"http:\/\/www.locacaodemaquinas.com.br\/site\/wp-json\/wp\/v2\/product_tag?post=3271"}],"curies":[{"name":"wp","href":"https:\/\/api.w.org\/{rel}","templated":true}]}}