{"id":3292,"date":"2023-01-18T18:02:09","date_gmt":"2023-01-18T21:02:09","guid":{"rendered":"http:\/\/www.locacaodemaquinas.com.br\/site\/?post_type=product&#038;p=3292"},"modified":"2023-01-19T15:24:34","modified_gmt":"2023-01-19T18:24:34","slug":"martelo-demolidor-d25980k-30kg-dewalt","status":"publish","type":"product","link":"http:\/\/www.locacaodemaquinas.com.br\/site\/loja\/principais-marcas\/marca-dewalt\/martelo-demolidor-d25980k-30kg-dewalt\/","title":{"rendered":"Martelo Demolidor D25980K 30kg &#8211; Dewalt"},"content":{"rendered":"","protected":false},"excerpt":{"rendered":"<p>Martelo demolidor o mais confi\u00e1vel da categoria tem motor com controle eletr\u00f4nico para alta produtividade em demoli\u00e7\u00f5es pesadas, m\u00f3dulo eletr\u00f4nico que mant\u00e9m a velocidade constante mesmo em condi\u00e7\u00f5es extremas, mecanismo anti-vibra\u00e7\u00e3o nos punhos e contra-peso e reduzem a vibra\u00e7\u00e3o para 4.8 m\/s.<\/p>\n","protected":false},"featured_media":1537,"comment_status":"open","ping_status":"closed","template":"","meta":[],"product_cat":[891,181,347,45,514,522],"product_tag":[446,273,276,441],"acf":[],"_links":{"self":[{"href":"http:\/\/www.locacaodemaquinas.com.br\/site\/wp-json\/wp\/v2\/product\/3292"}],"collection":[{"href":"http:\/\/www.locacaodemaquinas.com.br\/site\/wp-json\/wp\/v2\/product"}],"about":[{"href":"http:\/\/www.locacaodemaquinas.com.br\/site\/wp-json\/wp\/v2\/types\/product"}],"replies":[{"embeddable":true,"href":"http:\/\/www.locacaodemaquinas.com.br\/site\/wp-json\/wp\/v2\/comments?post=3292"}],"wp:featuredmedia":[{"embeddable":true,"href":"http:\/\/www.locacaodemaquinas.com.br\/site\/wp-json\/wp\/v2\/media\/1537"}],"wp:attachment":[{"href":"http:\/\/www.locacaodemaquinas.com.br\/site\/wp-json\/wp\/v2\/media?parent=3292"}],"wp:term":[{"taxonomy":"product_cat","embeddable":true,"href":"http:\/\/www.locacaodemaquinas.com.br\/site\/wp-json\/wp\/v2\/product_cat?post=3292"},{"taxonomy":"product_tag","embeddable":true,"href":"http:\/\/www.locacaodemaquinas.com.br\/site\/wp-json\/wp\/v2\/product_tag?post=3292"}],"curies":[{"name":"wp","href":"https:\/\/api.w.org\/{rel}","templated":true}]}}