{"id":3297,"date":"2023-01-19T10:34:49","date_gmt":"2023-01-19T13:34:49","guid":{"rendered":"http:\/\/www.locacaodemaquinas.com.br\/site\/?post_type=product&#038;p=3297"},"modified":"2023-01-19T11:02:45","modified_gmt":"2023-01-19T14:02:45","slug":"bomba-para-bicicleta-de-alta-pressao-lj-starfer","status":"publish","type":"product","link":"http:\/\/www.locacaodemaquinas.com.br\/site\/loja\/venda\/bombas\/bomba-para-bicicleta-de-alta-pressao-lj-starfer\/","title":{"rendered":"Bomba para Bicicleta de Alta Press\u00e3o LJ &#8211; Starfer"},"content":{"rendered":"","protected":false},"excerpt":{"rendered":"<p>Bomba manual de alta press\u00e3o para pneus de bicicleta. Leve e vers\u00e1til.<\/p>\n<p>Corpo em a\u00e7o laminado na cor laranja, base e al\u00e7a em abs, mangueira e bico em pvc.<\/p>\n<p>Medidas: 570mm de altura e 30mm de di\u00e2metro.Indicado para enchimento de pneus.<\/p>\n<p>Bico duplo: tradicional e presta<\/p>\n","protected":false},"featured_media":3298,"comment_status":"open","ping_status":"closed","template":"","meta":[],"product_cat":[45,510],"product_tag":[390,900,899],"acf":[],"_links":{"self":[{"href":"http:\/\/www.locacaodemaquinas.com.br\/site\/wp-json\/wp\/v2\/product\/3297"}],"collection":[{"href":"http:\/\/www.locacaodemaquinas.com.br\/site\/wp-json\/wp\/v2\/product"}],"about":[{"href":"http:\/\/www.locacaodemaquinas.com.br\/site\/wp-json\/wp\/v2\/types\/product"}],"replies":[{"embeddable":true,"href":"http:\/\/www.locacaodemaquinas.com.br\/site\/wp-json\/wp\/v2\/comments?post=3297"}],"wp:featuredmedia":[{"embeddable":true,"href":"http:\/\/www.locacaodemaquinas.com.br\/site\/wp-json\/wp\/v2\/media\/3298"}],"wp:attachment":[{"href":"http:\/\/www.locacaodemaquinas.com.br\/site\/wp-json\/wp\/v2\/media?parent=3297"}],"wp:term":[{"taxonomy":"product_cat","embeddable":true,"href":"http:\/\/www.locacaodemaquinas.com.br\/site\/wp-json\/wp\/v2\/product_cat?post=3297"},{"taxonomy":"product_tag","embeddable":true,"href":"http:\/\/www.locacaodemaquinas.com.br\/site\/wp-json\/wp\/v2\/product_tag?post=3297"}],"curies":[{"name":"wp","href":"https:\/\/api.w.org\/{rel}","templated":true}]}}