{"id":3300,"date":"2023-01-19T11:11:45","date_gmt":"2023-01-19T14:11:45","guid":{"rendered":"http:\/\/www.locacaodemaquinas.com.br\/site\/?post_type=product&#038;p=3300"},"modified":"2023-01-19T11:20:36","modified_gmt":"2023-01-19T14:20:36","slug":"bomba-com-reservatorio-manometro-starfer","status":"publish","type":"product","link":"http:\/\/www.locacaodemaquinas.com.br\/site\/loja\/venda\/bombas\/bomba-com-reservatorio-manometro-starfer\/","title":{"rendered":"Bomba com reservat\u00f3rio man\u00f4metro &#8211; Starfer"},"content":{"rendered":"","protected":false},"excerpt":{"rendered":"<p>Bomba manual com mangueira e bico para pneus de bicicleta com reservat\u00f3rio e man\u00f4metro.<\/p>\n<p>Corpo em a\u00e7o laminado, base em ferro fundido, mangueira e al\u00e7a em polipropileno. Medidas: 590mm de altura e 32mm de di\u00e2metro.<\/p>\n<p>Indicado para enchimento de pneus leves. Capacidade:160PSI (10BAR). Com embalagem auto-servi\u00e7o.<\/p>\n","protected":false},"featured_media":3302,"comment_status":"open","ping_status":"closed","template":"","meta":[],"product_cat":[45,510],"product_tag":[900,901,899],"acf":[],"_links":{"self":[{"href":"http:\/\/www.locacaodemaquinas.com.br\/site\/wp-json\/wp\/v2\/product\/3300"}],"collection":[{"href":"http:\/\/www.locacaodemaquinas.com.br\/site\/wp-json\/wp\/v2\/product"}],"about":[{"href":"http:\/\/www.locacaodemaquinas.com.br\/site\/wp-json\/wp\/v2\/types\/product"}],"replies":[{"embeddable":true,"href":"http:\/\/www.locacaodemaquinas.com.br\/site\/wp-json\/wp\/v2\/comments?post=3300"}],"wp:featuredmedia":[{"embeddable":true,"href":"http:\/\/www.locacaodemaquinas.com.br\/site\/wp-json\/wp\/v2\/media\/3302"}],"wp:attachment":[{"href":"http:\/\/www.locacaodemaquinas.com.br\/site\/wp-json\/wp\/v2\/media?parent=3300"}],"wp:term":[{"taxonomy":"product_cat","embeddable":true,"href":"http:\/\/www.locacaodemaquinas.com.br\/site\/wp-json\/wp\/v2\/product_cat?post=3300"},{"taxonomy":"product_tag","embeddable":true,"href":"http:\/\/www.locacaodemaquinas.com.br\/site\/wp-json\/wp\/v2\/product_tag?post=3300"}],"curies":[{"name":"wp","href":"https:\/\/api.w.org\/{rel}","templated":true}]}}