{"id":3304,"date":"2023-01-19T15:25:15","date_gmt":"2023-01-19T18:25:15","guid":{"rendered":"http:\/\/www.locacaodemaquinas.com.br\/site\/?post_type=product&#038;p=3304"},"modified":"2023-01-19T15:30:25","modified_gmt":"2023-01-19T18:30:25","slug":"motopoda-ht-75-stihl-2","status":"publish","type":"product","link":"http:\/\/www.locacaodemaquinas.com.br\/site\/loja\/principais-marcas\/marca-stihl\/motopoda-ht-75-stihl-2\/","title":{"rendered":"Motopoda HT 75 30cm \/ 12&#8243; &#8211; STIHL"},"content":{"rendered":"<p>Obs: Sob os termos da marca STIHL, n\u00e3o estamos autorizados a vend\u00ea-los pela internet, mas voc\u00ea pode visitar as nossas lojas f\u00edsicas. O intuito \u00e9 apenas informativo.<\/p>\n<p>&nbsp;<\/p>\n<p>&nbsp;<\/p>\n","protected":false},"excerpt":{"rendered":"<p>A<b>\u00a0motopoda STIHL HT 75\u00a0<\/b>\u00e9 indicada para podas em alturas. Possui r\u00e1pida acelera\u00e7\u00e3o e uma haste que possibilita cortes de galhos no alto de \u00e1rvores e manuten\u00e7\u00e3o de pomares. Possui alcance de aproximadamente 5m de altura (considerando a altura do operador). Motopoda telesc\u00f3pica que possibilita cortes de galhos no alto de \u00e1rvores e manuten\u00e7\u00e3o de \u00e1reas verdes, al\u00e9m de possuir conjunto de corte com baixo n\u00edvel de rebote e excelente precis\u00e3o de corte.<\/p>\n<p>Fonte: STIHL<\/p>\n","protected":false},"featured_media":975,"comment_status":"open","ping_status":"closed","template":"","meta":[],"product_cat":[343,45,522],"product_tag":[367,364],"acf":[],"_links":{"self":[{"href":"http:\/\/www.locacaodemaquinas.com.br\/site\/wp-json\/wp\/v2\/product\/3304"}],"collection":[{"href":"http:\/\/www.locacaodemaquinas.com.br\/site\/wp-json\/wp\/v2\/product"}],"about":[{"href":"http:\/\/www.locacaodemaquinas.com.br\/site\/wp-json\/wp\/v2\/types\/product"}],"replies":[{"embeddable":true,"href":"http:\/\/www.locacaodemaquinas.com.br\/site\/wp-json\/wp\/v2\/comments?post=3304"}],"wp:featuredmedia":[{"embeddable":true,"href":"http:\/\/www.locacaodemaquinas.com.br\/site\/wp-json\/wp\/v2\/media\/975"}],"wp:attachment":[{"href":"http:\/\/www.locacaodemaquinas.com.br\/site\/wp-json\/wp\/v2\/media?parent=3304"}],"wp:term":[{"taxonomy":"product_cat","embeddable":true,"href":"http:\/\/www.locacaodemaquinas.com.br\/site\/wp-json\/wp\/v2\/product_cat?post=3304"},{"taxonomy":"product_tag","embeddable":true,"href":"http:\/\/www.locacaodemaquinas.com.br\/site\/wp-json\/wp\/v2\/product_tag?post=3304"}],"curies":[{"name":"wp","href":"https:\/\/api.w.org\/{rel}","templated":true}]}}