{"id":3313,"date":"2023-01-19T16:14:48","date_gmt":"2023-01-19T19:14:48","guid":{"rendered":"http:\/\/www.locacaodemaquinas.com.br\/site\/?post_type=product&#038;p=3313"},"modified":"2025-04-23T10:38:09","modified_gmt":"2025-04-23T13:38:09","slug":"motobomba-a-gasolina-6hp-31mca-1050l-h-wp-600-stihl","status":"publish","type":"product","link":"http:\/\/www.locacaodemaquinas.com.br\/site\/loja\/principais-marcas\/marca-stihl\/motobomba-a-gasolina-6hp-31mca-1050l-h-wp-600-stihl\/","title":{"rendered":"Motobomba \u00e0 Gasolina 6HP WP 600 &#8211; STIHL"},"content":{"rendered":"<p>Com\u00a0<b>motor STIHL EHC 605 de 4 tempos a gasolina (6 HP)<\/b>, a motobomba STIHL WP 600 \u00e9 capaz de transferir at\u00e9\u00a0<b>1.000 litros de \u00e1gua a cada 60 segundos<\/b>, com vaz\u00e3o m\u00e1xima de 63 m\u00b3\/h. Isso tudo a uma altura m\u00e1xima de suc\u00e7\u00e3o\u00a0<b>de 7 m<\/b>\u00a0e altura m\u00e1xima de bombeamento de\u00a0<b>31 m<\/b>.<\/p>\n<p>O equipamento possui um\u00a0<b>quadro de sustenta\u00e7\u00e3o robusto<\/b>\u00a0que protege o motor e a bomba contra impactos durante o transporte e manuseio. F\u00e1cil de operar, as conex\u00f5es das mangueiras \u00e0s aberturas de entrada e sa\u00edda de \u00e1gua, com\u00a0<b>conex\u00f5es de 3 polegadas<\/b>, s\u00e3o feitas usando bra\u00e7adeiras que acompanham o produto. Al\u00e9m disso, a motobomba STIHL WP 600 \u00e9\u00a0<b>protegida por um filtro de suc\u00e7\u00e3o<\/b>\u00a0contra a contamina\u00e7\u00e3o por part\u00edculas de at\u00e9 6 mm, evitando o risco de entupimento.<\/p>\n<p>&nbsp;<\/p>\n<h1 class=\"product-name\"><\/h1>\n<div class=\"product-labels\"><\/div>\n<div class=\"product-details uppercase\"><\/div>\n<h3 class=\"LC20lb MBeuO DKV0Md\"><\/h3>\n","protected":false},"excerpt":{"rendered":"<div class=\"tabs\">\n<div class=\"tabs\">\n<p>A nova <b>motobomba STIHL WP 600<\/b>\u00a0garante alto desempenho na transposi\u00e7\u00e3o de \u00e1gua. Na agricultura, por exemplo, pode ser usada para\u00a0<b>transfer\u00eancia de rios, lagos, po\u00e7os, a\u00e7udes e outros tipos de reservat\u00f3rios<\/b>\u00a0para irrigar \u00e1reas cultivadas, facilitando o trabalho de produtores rurais. O equipamento tamb\u00e9m pode ser usado para outras finalidades, como remover ac\u00famulos de \u00e1gua, na constru\u00e7\u00e3o civil.<\/p>\n<\/div>\n<\/div>\n","protected":false},"featured_media":3312,"comment_status":"open","ping_status":"closed","template":"","meta":[],"product_cat":[343,45,510,522],"product_tag":[592,364],"acf":[],"_links":{"self":[{"href":"http:\/\/www.locacaodemaquinas.com.br\/site\/wp-json\/wp\/v2\/product\/3313"}],"collection":[{"href":"http:\/\/www.locacaodemaquinas.com.br\/site\/wp-json\/wp\/v2\/product"}],"about":[{"href":"http:\/\/www.locacaodemaquinas.com.br\/site\/wp-json\/wp\/v2\/types\/product"}],"replies":[{"embeddable":true,"href":"http:\/\/www.locacaodemaquinas.com.br\/site\/wp-json\/wp\/v2\/comments?post=3313"}],"wp:featuredmedia":[{"embeddable":true,"href":"http:\/\/www.locacaodemaquinas.com.br\/site\/wp-json\/wp\/v2\/media\/3312"}],"wp:attachment":[{"href":"http:\/\/www.locacaodemaquinas.com.br\/site\/wp-json\/wp\/v2\/media?parent=3313"}],"wp:term":[{"taxonomy":"product_cat","embeddable":true,"href":"http:\/\/www.locacaodemaquinas.com.br\/site\/wp-json\/wp\/v2\/product_cat?post=3313"},{"taxonomy":"product_tag","embeddable":true,"href":"http:\/\/www.locacaodemaquinas.com.br\/site\/wp-json\/wp\/v2\/product_tag?post=3313"}],"curies":[{"name":"wp","href":"https:\/\/api.w.org\/{rel}","templated":true}]}}