{"id":3324,"date":"2023-01-20T17:37:25","date_gmt":"2023-01-20T20:37:25","guid":{"rendered":"http:\/\/www.locacaodemaquinas.com.br\/site\/?post_type=product&#038;p=3324"},"modified":"2023-01-30T11:48:02","modified_gmt":"2023-01-30T14:48:02","slug":"gancho-para-bucha-05-s-unitario-sao-raphael","status":"publish","type":"product","link":"http:\/\/www.locacaodemaquinas.com.br\/site\/loja\/venda\/ferragens\/gancho-para-bucha-05-s-unitario-sao-raphael\/","title":{"rendered":"Gancho para Bucha Diversos Tamanhos Unit\u00e1rio &#8211; S\u00e3o Raphael"},"content":{"rendered":"","protected":false},"excerpt":{"rendered":"<p><strong>Parafuso Gancho Zincado p\/ Bucha\u00a0<\/strong><\/p>\n<p>S\u00e3o utilizados para pendurar elementos em superf\u00edcies de madeira e alvenaria, quando aplicados em superf\u00edcies de alvenaria s\u00e3o utilizados com buchas de expans\u00e3o.<br \/>\nFabricados em a\u00e7o carbono, \u00e9 indicado para instala\u00e7\u00e3o de redes de prote\u00e7\u00e3o, vasos, quadros, varal e v\u00e1rios outros trabalhos de fixa\u00e7\u00e3o, suspensos, etc.<br \/>\nGarante maior durabilidade contra corros\u00e3o.<\/p>\n","protected":false},"featured_media":3327,"comment_status":"open","ping_status":"closed","template":"","meta":[],"product_cat":[45,511,517],"product_tag":[906,905],"acf":[],"_links":{"self":[{"href":"http:\/\/www.locacaodemaquinas.com.br\/site\/wp-json\/wp\/v2\/product\/3324"}],"collection":[{"href":"http:\/\/www.locacaodemaquinas.com.br\/site\/wp-json\/wp\/v2\/product"}],"about":[{"href":"http:\/\/www.locacaodemaquinas.com.br\/site\/wp-json\/wp\/v2\/types\/product"}],"replies":[{"embeddable":true,"href":"http:\/\/www.locacaodemaquinas.com.br\/site\/wp-json\/wp\/v2\/comments?post=3324"}],"wp:featuredmedia":[{"embeddable":true,"href":"http:\/\/www.locacaodemaquinas.com.br\/site\/wp-json\/wp\/v2\/media\/3327"}],"wp:attachment":[{"href":"http:\/\/www.locacaodemaquinas.com.br\/site\/wp-json\/wp\/v2\/media?parent=3324"}],"wp:term":[{"taxonomy":"product_cat","embeddable":true,"href":"http:\/\/www.locacaodemaquinas.com.br\/site\/wp-json\/wp\/v2\/product_cat?post=3324"},{"taxonomy":"product_tag","embeddable":true,"href":"http:\/\/www.locacaodemaquinas.com.br\/site\/wp-json\/wp\/v2\/product_tag?post=3324"}],"curies":[{"name":"wp","href":"https:\/\/api.w.org\/{rel}","templated":true}]}}