{"id":3330,"date":"2023-01-20T17:43:12","date_gmt":"2023-01-20T20:43:12","guid":{"rendered":"http:\/\/www.locacaodemaquinas.com.br\/site\/?post_type=product&#038;p=3330"},"modified":"2023-01-30T11:47:53","modified_gmt":"2023-01-30T14:47:53","slug":"parafuso-auto-attaraxante-panela-philipps-zincado-unitario-jomarca","status":"publish","type":"product","link":"http:\/\/www.locacaodemaquinas.com.br\/site\/loja\/venda\/ferragens\/parafuso-auto-attaraxante-panela-philipps-zincado-unitario-jomarca\/","title":{"rendered":"Parafuso Auto Atarraxante Panela Philips  Zincado Unit\u00e1rio &#8211; Jomarca"},"content":{"rendered":"","protected":false},"excerpt":{"rendered":"<p>Esse parafuso possui rosca auto atarraxante, mais fina e cortante, o que dispensa na maioria das vezes fura\u00e7\u00e3o pr\u00e9via do material que ser\u00e1 aplicado. Esse item dispensa a cria\u00e7\u00e3o de rosca. Indicado para chapas met\u00e1licas, madeira, alvenaria, concreto (junto com bucha de fixa\u00e7\u00e3o).<\/p>\n","protected":false},"featured_media":3331,"comment_status":"open","ping_status":"closed","template":"","meta":[],"product_cat":[45,511,517],"product_tag":[906,848,908,907],"acf":[],"_links":{"self":[{"href":"http:\/\/www.locacaodemaquinas.com.br\/site\/wp-json\/wp\/v2\/product\/3330"}],"collection":[{"href":"http:\/\/www.locacaodemaquinas.com.br\/site\/wp-json\/wp\/v2\/product"}],"about":[{"href":"http:\/\/www.locacaodemaquinas.com.br\/site\/wp-json\/wp\/v2\/types\/product"}],"replies":[{"embeddable":true,"href":"http:\/\/www.locacaodemaquinas.com.br\/site\/wp-json\/wp\/v2\/comments?post=3330"}],"wp:featuredmedia":[{"embeddable":true,"href":"http:\/\/www.locacaodemaquinas.com.br\/site\/wp-json\/wp\/v2\/media\/3331"}],"wp:attachment":[{"href":"http:\/\/www.locacaodemaquinas.com.br\/site\/wp-json\/wp\/v2\/media?parent=3330"}],"wp:term":[{"taxonomy":"product_cat","embeddable":true,"href":"http:\/\/www.locacaodemaquinas.com.br\/site\/wp-json\/wp\/v2\/product_cat?post=3330"},{"taxonomy":"product_tag","embeddable":true,"href":"http:\/\/www.locacaodemaquinas.com.br\/site\/wp-json\/wp\/v2\/product_tag?post=3330"}],"curies":[{"name":"wp","href":"https:\/\/api.w.org\/{rel}","templated":true}]}}