{"id":3335,"date":"2023-01-21T09:43:15","date_gmt":"2023-01-21T12:43:15","guid":{"rendered":"http:\/\/www.locacaodemaquinas.com.br\/site\/?post_type=product&#038;p=3335"},"modified":"2023-01-30T11:47:33","modified_gmt":"2023-01-30T14:47:33","slug":"parafuso-auto-brocante-atarraxante-philipps-zincado-unitario-jomarca","status":"publish","type":"product","link":"http:\/\/www.locacaodemaquinas.com.br\/site\/loja\/venda\/ferragens\/parafuso-auto-brocante-atarraxante-philipps-zincado-unitario-jomarca\/","title":{"rendered":"Parafuso Auto Brocante Cabe\u00e7a Chata Phillips Zincado Unit\u00e1rio &#8211; Jomarca"},"content":{"rendered":"","protected":false},"excerpt":{"rendered":"<p>Parafuso cabe\u00e7a chata Phillips Auto Brocante, utilizado para uni\u00e3o de pe\u00e7as de madeira, chapas met\u00e1licas finas e outros.<\/p>\n","protected":false},"featured_media":3336,"comment_status":"open","ping_status":"closed","template":"","meta":[],"product_cat":[45,511,517],"product_tag":[910,906,848,907],"acf":[],"_links":{"self":[{"href":"http:\/\/www.locacaodemaquinas.com.br\/site\/wp-json\/wp\/v2\/product\/3335"}],"collection":[{"href":"http:\/\/www.locacaodemaquinas.com.br\/site\/wp-json\/wp\/v2\/product"}],"about":[{"href":"http:\/\/www.locacaodemaquinas.com.br\/site\/wp-json\/wp\/v2\/types\/product"}],"replies":[{"embeddable":true,"href":"http:\/\/www.locacaodemaquinas.com.br\/site\/wp-json\/wp\/v2\/comments?post=3335"}],"wp:featuredmedia":[{"embeddable":true,"href":"http:\/\/www.locacaodemaquinas.com.br\/site\/wp-json\/wp\/v2\/media\/3336"}],"wp:attachment":[{"href":"http:\/\/www.locacaodemaquinas.com.br\/site\/wp-json\/wp\/v2\/media?parent=3335"}],"wp:term":[{"taxonomy":"product_cat","embeddable":true,"href":"http:\/\/www.locacaodemaquinas.com.br\/site\/wp-json\/wp\/v2\/product_cat?post=3335"},{"taxonomy":"product_tag","embeddable":true,"href":"http:\/\/www.locacaodemaquinas.com.br\/site\/wp-json\/wp\/v2\/product_tag?post=3335"}],"curies":[{"name":"wp","href":"https:\/\/api.w.org\/{rel}","templated":true}]}}