{"id":3339,"date":"2023-01-21T10:38:57","date_gmt":"2023-01-21T13:38:57","guid":{"rendered":"http:\/\/www.locacaodemaquinas.com.br\/site\/?post_type=product&#038;p=3339"},"modified":"2023-01-30T11:45:47","modified_gmt":"2023-01-30T14:45:47","slug":"parafuso-auto-brocante-sextavado-phillips-zincado-unitario-jomarca","status":"publish","type":"product","link":"http:\/\/www.locacaodemaquinas.com.br\/site\/loja\/venda\/ferragens\/parafuso-auto-brocante-sextavado-phillips-zincado-unitario-jomarca\/","title":{"rendered":"Parafuso Auto Brocante Sextavado com Arruela Phillips Zincado Unit\u00e1rio &#8211; Jomarca"},"content":{"rendered":"<p>Aplica\u00e7\u00e3o: Drywall, telhas e metal<\/p>\n","protected":false},"excerpt":{"rendered":"<p>O parafuso auto perfurante\/brocante \u00e9 uma pe\u00e7a fundamental em qualquer obra. S\u00e3o fabricados com uma broca na ponta, onde a mesma realiza a fun\u00e7\u00e3o de perfurar o material. Com apenas uma opera\u00e7\u00e3o perfura, atarraxa e veda, o que torna um processo de fixa\u00e7\u00e3o r\u00e1pido, barato e eficaz. Fixador bem completo para diferentes aplica\u00e7\u00f5es. Dispensa a utiliza\u00e7\u00e3o de buchas.<\/p>\n","protected":false},"featured_media":3340,"comment_status":"open","ping_status":"closed","template":"","meta":[],"product_cat":[45,511,517],"product_tag":[910,906,848,907,912],"acf":[],"_links":{"self":[{"href":"http:\/\/www.locacaodemaquinas.com.br\/site\/wp-json\/wp\/v2\/product\/3339"}],"collection":[{"href":"http:\/\/www.locacaodemaquinas.com.br\/site\/wp-json\/wp\/v2\/product"}],"about":[{"href":"http:\/\/www.locacaodemaquinas.com.br\/site\/wp-json\/wp\/v2\/types\/product"}],"replies":[{"embeddable":true,"href":"http:\/\/www.locacaodemaquinas.com.br\/site\/wp-json\/wp\/v2\/comments?post=3339"}],"wp:featuredmedia":[{"embeddable":true,"href":"http:\/\/www.locacaodemaquinas.com.br\/site\/wp-json\/wp\/v2\/media\/3340"}],"wp:attachment":[{"href":"http:\/\/www.locacaodemaquinas.com.br\/site\/wp-json\/wp\/v2\/media?parent=3339"}],"wp:term":[{"taxonomy":"product_cat","embeddable":true,"href":"http:\/\/www.locacaodemaquinas.com.br\/site\/wp-json\/wp\/v2\/product_cat?post=3339"},{"taxonomy":"product_tag","embeddable":true,"href":"http:\/\/www.locacaodemaquinas.com.br\/site\/wp-json\/wp\/v2\/product_tag?post=3339"}],"curies":[{"name":"wp","href":"https:\/\/api.w.org\/{rel}","templated":true}]}}