{"id":3345,"date":"2023-01-23T16:55:49","date_gmt":"2023-01-23T19:55:49","guid":{"rendered":"http:\/\/www.locacaodemaquinas.com.br\/site\/?post_type=product&#038;p=3345"},"modified":"2023-02-06T11:03:37","modified_gmt":"2023-02-06T14:03:37","slug":"parafusadeira-furadeira-impacto-dcd996b-20v-max-li-ion-95nm-1-2-pol-brushless-sem-bateria-dewalt","status":"publish","type":"product","link":"http:\/\/www.locacaodemaquinas.com.br\/site\/loja\/principais-marcas\/marca-dewalt\/parafusadeira-furadeira-impacto-dcd996b-20v-max-li-ion-95nm-1-2-pol-brushless-sem-bateria-dewalt\/","title":{"rendered":"Parafusadeira\/Furadeira Impacto DCD996B 20V Max Li-Ion 95Nm 1\/2 Pol. Brushless sem Bateria &#8211; Dewalt"},"content":{"rendered":"","protected":false},"excerpt":{"rendered":"<div>Parafusadeira\/ Furadeira \u00e0 bateria 20V 1\/2&#8243; (13 mm) aperto r\u00e1pido que permite troca de acess\u00f3rios de forma r\u00e1pida. Gatilho eletr\u00f4nico com velocidade vari\u00e1vel e revers\u00edvel.<\/div>\n<div>Motor sem escovas (brushless) oferece um tempo de execu\u00e7\u00e3o at\u00e9 75% maior que o das ferramentas com escovas de nicad.<\/div>\n<div>Luz LED com 3 modos ilumina\u00e7\u00e3o para ambientes escuros, com luz at\u00e9 20 vezes mais potente que a do modelo anterior.<\/div>\n<div>Empunhadura emborrachada para maior controle e comodidade ao usu\u00e1rio.<\/div>\n<div>Caixa de engrenagens em alum\u00ednio que proporciona melhor dissipa\u00e7\u00e3o de calor e durabilidade em sua categoria durante as aplica\u00e7\u00f5es. Ideal para perfura\u00e7\u00e3o e parafusamento de alto desempenho em madeira, metal e pl\u00e1stico.<\/div>\n","protected":false},"featured_media":3347,"comment_status":"open","ping_status":"closed","template":"","meta":[],"product_cat":[347,45,512,522],"product_tag":[913,37,426,39],"acf":[],"_links":{"self":[{"href":"http:\/\/www.locacaodemaquinas.com.br\/site\/wp-json\/wp\/v2\/product\/3345"}],"collection":[{"href":"http:\/\/www.locacaodemaquinas.com.br\/site\/wp-json\/wp\/v2\/product"}],"about":[{"href":"http:\/\/www.locacaodemaquinas.com.br\/site\/wp-json\/wp\/v2\/types\/product"}],"replies":[{"embeddable":true,"href":"http:\/\/www.locacaodemaquinas.com.br\/site\/wp-json\/wp\/v2\/comments?post=3345"}],"wp:featuredmedia":[{"embeddable":true,"href":"http:\/\/www.locacaodemaquinas.com.br\/site\/wp-json\/wp\/v2\/media\/3347"}],"wp:attachment":[{"href":"http:\/\/www.locacaodemaquinas.com.br\/site\/wp-json\/wp\/v2\/media?parent=3345"}],"wp:term":[{"taxonomy":"product_cat","embeddable":true,"href":"http:\/\/www.locacaodemaquinas.com.br\/site\/wp-json\/wp\/v2\/product_cat?post=3345"},{"taxonomy":"product_tag","embeddable":true,"href":"http:\/\/www.locacaodemaquinas.com.br\/site\/wp-json\/wp\/v2\/product_tag?post=3345"}],"curies":[{"name":"wp","href":"https:\/\/api.w.org\/{rel}","templated":true}]}}