{"id":3356,"date":"2023-01-24T10:11:09","date_gmt":"2023-01-24T13:11:09","guid":{"rendered":"http:\/\/www.locacaodemaquinas.com.br\/site\/?post_type=product&#038;p=3356"},"modified":"2023-01-24T10:34:02","modified_gmt":"2023-01-24T13:34:02","slug":"combo-parafusadeira-furadeira-e-parafusadeira-de-impacto-12v-dck201c2-dewalt","status":"publish","type":"product","link":"http:\/\/www.locacaodemaquinas.com.br\/site\/loja\/principais-marcas\/marca-dewalt\/combo-parafusadeira-furadeira-e-parafusadeira-de-impacto-12v-dck201c2-dewalt\/","title":{"rendered":"Combo Parafusadeira\/Furadeira e Parafusadeira de Impacto 12V DCK201C2 &#8211; Dewalt"},"content":{"rendered":"<p><strong>Acompanha:<\/strong><br \/>\n&#8211; 2 Baterias 12V Max Ion-Litio 1,3Ah<br \/>\n&#8211; Carregador<br \/>\n&#8211; Maleta<\/p>\n","protected":false},"excerpt":{"rendered":"<p><strong>Parafusadeira\/Furadeira 3\/8&#8243; 10mm 12V Max Ion-Litio:<br \/>\n<\/strong>&#8211; Madril sem chave 3\/8<br \/>\n&#8211; Clipe para pendurar<br \/>\n&#8211; Compacta e leve<br \/>\n&#8211; Uso em industrias, marcenaria, oficinas mec\u00e2nicas e departamentos de manuten\u00e7\u00e3o<\/p>\n<p><strong>Especifica\u00e7\u00f5es T\u00e9cnicas:<\/strong><br \/>\n&#8211; 0 a 400\/0 a 1500 RPM<br \/>\n&#8211; Torque 25 Nm<br \/>\n&#8211; Bateria 12V Max Ion-Litio<br \/>\n&#8211; Encaixe 3\/8&#8243; (10mm)<\/p>\n<p>&nbsp;<\/p>\n<p>&nbsp;<\/p>\n<p>&nbsp;<\/p>\n<p><strong>Parafusadeira de Impacto 1\/4&#8243; 6,4mm 12V Max Ion-Litio:<\/strong><br \/>\n&#8211; Encaixe hexagonal 1\/4&#8243;<br \/>\n&#8211; 3 luzes LED<br \/>\n&#8211; Aceita pontas at\u00e9 1&#8243;<br \/>\n&#8211; Clipe para pendurar<br \/>\n&#8211; Uso em fixa\u00e7\u00e3o de madeiras,metal e concreto, fixa\u00e7\u00e3o de estruturas met\u00e1licas e manuten\u00e7\u00e3o industrial.<\/p>\n<p><strong>Especifica\u00e7\u00f5es T\u00e9cnicas:<\/strong><br \/>\n&#8211; 0 a 2450 RPM<br \/>\n&#8211; 0 a 3400 IPM<br \/>\n&#8211; Torque 107 Nm<br \/>\n&#8211; Encaixe hexagonal 1\/4&#8243; (6,4mm)<br \/>\n&#8211; Bateria 12V Max Ion-Litio<\/p>\n","protected":false},"featured_media":3361,"comment_status":"open","ping_status":"closed","template":"","meta":[],"product_cat":[347,45,512],"product_tag":[37,426,39],"acf":[],"_links":{"self":[{"href":"http:\/\/www.locacaodemaquinas.com.br\/site\/wp-json\/wp\/v2\/product\/3356"}],"collection":[{"href":"http:\/\/www.locacaodemaquinas.com.br\/site\/wp-json\/wp\/v2\/product"}],"about":[{"href":"http:\/\/www.locacaodemaquinas.com.br\/site\/wp-json\/wp\/v2\/types\/product"}],"replies":[{"embeddable":true,"href":"http:\/\/www.locacaodemaquinas.com.br\/site\/wp-json\/wp\/v2\/comments?post=3356"}],"wp:featuredmedia":[{"embeddable":true,"href":"http:\/\/www.locacaodemaquinas.com.br\/site\/wp-json\/wp\/v2\/media\/3361"}],"wp:attachment":[{"href":"http:\/\/www.locacaodemaquinas.com.br\/site\/wp-json\/wp\/v2\/media?parent=3356"}],"wp:term":[{"taxonomy":"product_cat","embeddable":true,"href":"http:\/\/www.locacaodemaquinas.com.br\/site\/wp-json\/wp\/v2\/product_cat?post=3356"},{"taxonomy":"product_tag","embeddable":true,"href":"http:\/\/www.locacaodemaquinas.com.br\/site\/wp-json\/wp\/v2\/product_tag?post=3356"}],"curies":[{"name":"wp","href":"https:\/\/api.w.org\/{rel}","templated":true}]}}