{"id":3364,"date":"2023-01-24T10:34:26","date_gmt":"2023-01-24T13:34:26","guid":{"rendered":"http:\/\/www.locacaodemaquinas.com.br\/site\/?post_type=product&#038;p=3364"},"modified":"2023-01-24T11:05:03","modified_gmt":"2023-01-24T14:05:03","slug":"parafusadeira-furadeira-a-bateria-dcd700c2-108v-max-li-ion-3-8-com-carregador-2-bat-e-bolsa-dewalt","status":"publish","type":"product","link":"http:\/\/www.locacaodemaquinas.com.br\/site\/loja\/principais-marcas\/marca-dewalt\/parafusadeira-furadeira-a-bateria-dcd700c2-108v-max-li-ion-3-8-com-carregador-2-bat-e-bolsa-dewalt\/","title":{"rendered":"Parafusadeira\/Furadeira a Bateria DCD700C2 10,8V Max Li-Ion 3\/8&#8243; com Carregador 2 Bat. e Bolsa  &#8211; Dewalt"},"content":{"rendered":"<div>\n<div><strong>Especifica\u00e7\u00f5es T\u00e9cnicas:<\/strong><\/div>\n<div><\/div>\n<div>Tens\u00e3o da Bateria: 10,8V 1.3Ah<br \/>\nTens\u00e3o do carregador: 110V<br \/>\nVelocidades: 2<br \/>\nVelocidade sem carga: 0 \u2013 4.000 \/ 0 \u2013 1.500 RPM<br \/>\nTamanho do mandril: 3\/8\u201d (10mm)<\/div>\n<\/div>\n<div><\/div>\n<div><\/div>\n<div><\/div>\n<div><strong>Conte\u00fado da Embalagem:<\/strong><\/div>\n<div>&#8211; Bolsa<br \/>\n&#8211; 2 Baterias<br \/>\n&#8211; Carregador<\/div>\n","protected":false},"excerpt":{"rendered":"<div><strong>Caracteristicas:<\/strong><\/div>\n<div><\/div>\n<div>&#8211; Duas velocidades<br \/>\n&#8211; 16 Posi\u00e7\u00f5es de Torque para todo tipo de trabalho<br \/>\n&#8211; Transmiss\u00e3o de duas velocidades para todo tipo de aplica\u00e7\u00e3o<br \/>\n&#8211; Maior durabilidade para uso constante e prolongado<br \/>\n&#8211; Design compacto para trabalhos em lugares pequenos<br \/>\n&#8211; F\u00e1cil manejo<br \/>\n&#8211; Bateria de \u00edons de l\u00edtio de 1.3ah sem mem\u00f3ria<br \/>\n&#8211; Luz de led maior visibilidade em lugares escuros<\/div>\n","protected":false},"featured_media":3367,"comment_status":"open","ping_status":"closed","template":"","meta":[],"product_cat":[347,45,512],"product_tag":[37,47,39],"acf":[],"_links":{"self":[{"href":"http:\/\/www.locacaodemaquinas.com.br\/site\/wp-json\/wp\/v2\/product\/3364"}],"collection":[{"href":"http:\/\/www.locacaodemaquinas.com.br\/site\/wp-json\/wp\/v2\/product"}],"about":[{"href":"http:\/\/www.locacaodemaquinas.com.br\/site\/wp-json\/wp\/v2\/types\/product"}],"replies":[{"embeddable":true,"href":"http:\/\/www.locacaodemaquinas.com.br\/site\/wp-json\/wp\/v2\/comments?post=3364"}],"wp:featuredmedia":[{"embeddable":true,"href":"http:\/\/www.locacaodemaquinas.com.br\/site\/wp-json\/wp\/v2\/media\/3367"}],"wp:attachment":[{"href":"http:\/\/www.locacaodemaquinas.com.br\/site\/wp-json\/wp\/v2\/media?parent=3364"}],"wp:term":[{"taxonomy":"product_cat","embeddable":true,"href":"http:\/\/www.locacaodemaquinas.com.br\/site\/wp-json\/wp\/v2\/product_cat?post=3364"},{"taxonomy":"product_tag","embeddable":true,"href":"http:\/\/www.locacaodemaquinas.com.br\/site\/wp-json\/wp\/v2\/product_tag?post=3364"}],"curies":[{"name":"wp","href":"https:\/\/api.w.org\/{rel}","templated":true}]}}