{"id":3369,"date":"2023-01-24T11:05:35","date_gmt":"2023-01-24T14:05:35","guid":{"rendered":"http:\/\/www.locacaodemaquinas.com.br\/site\/?post_type=product&#038;p=3369"},"modified":"2023-02-06T11:02:55","modified_gmt":"2023-02-06T14:02:55","slug":"parafusadeira-furadeira-de-impacto-dcd7781d1-brushless-1-2-20v-com-bateria-litio-ion-2ah-carregador-bivolt-e-bolsa-dewalt","status":"publish","type":"product","link":"http:\/\/www.locacaodemaquinas.com.br\/site\/loja\/principais-marcas\/marca-dewalt\/parafusadeira-furadeira-de-impacto-dcd7781d1-brushless-1-2-20v-com-bateria-litio-ion-2ah-carregador-bivolt-e-bolsa-dewalt\/","title":{"rendered":"Parafusadeira\/Furadeira de Impacto DCD7781D1 Brushless 1\/2&#8243; 20V com Bateria L\u00edtio-\u00cdon 2Ah Carregador Bivolt e Bolsa &#8211; Dewalt"},"content":{"rendered":"<div><strong>Especifica\u00e7\u00f5es T\u00e9cnicas:<\/strong><\/div>\n<div><\/div>\n<div>Tens\u00e3o da bateria: 20V<\/div>\n<div>Mandril: 1\/2 Pol. (13mm)<\/div>\n<div>Velocidade (RPM): 0-500\/0-1750<\/div>\n<div>Quantidade de configura\u00e7\u00f5es de velocidade: 2<\/div>\n<div>Torque: 65Nm<\/div>\n<div>Impactos por minuto: 0-8500 \/ 0-29750 IPM<\/div>\n<div>Capacidade Max. de perfura\u00e7\u00e3o:<\/div>\n<div>&#8211; Alvenaria 13mm<\/div>\n<div>&#8211; A\u00e7o: 13mm<\/div>\n<div>&#8211; Metal: 13mm<\/div>\n<div>&#8211; Madeira: 25mm<\/div>\n<div><\/div>\n<div><strong>Conte\u00fado da Embalagem:\u00a0<\/strong><\/div>\n<div><\/div>\n<div>&#8211; 1 Parafusadeira\/furadeira<\/div>\n<div>&#8211; 1 Carregador de Bateria Bivolt<\/div>\n<div>&#8211; 1 Bateria 2Ah<\/div>\n<div>&#8211; 1 Bolsa para Transporte<\/div>\n","protected":false},"excerpt":{"rendered":"<div>Leve, compacta e ergon\u00f4mica, ideal para fixa\u00e7\u00f5es de parafusos, estruturas met\u00e1licas, ind\u00fastria de m\u00f3veis e manuten\u00e7\u00f5es em geral. Conta com empunhadura emborrachada, velocidade vari\u00e1vel e revers\u00edvel e mandril de aperto r\u00e1pido com catraca, al\u00e9m do motor BRUSHLESS (sem escovas de carv\u00e3o) e freio eletr\u00f4nico para maior seguran\u00e7a.<\/div>\n<div><\/div>\n<div><strong>Caracter\u00edsticas:<\/strong><\/div>\n<div><\/div>\n<div>Velocidade Vari\u00e1vel<\/div>\n<div>Luz LED<\/div>\n<div>Motor Brushless (Sem escovas de carv\u00e3o)<br \/>\nAperto r\u00e1pido: Permite troca de acess\u00f3rios de forma r\u00e1pida<\/div>\n","protected":false},"featured_media":3371,"comment_status":"open","ping_status":"closed","template":"","meta":[],"product_cat":[347,45,512,522],"product_tag":[913,37,47,39],"acf":[],"_links":{"self":[{"href":"http:\/\/www.locacaodemaquinas.com.br\/site\/wp-json\/wp\/v2\/product\/3369"}],"collection":[{"href":"http:\/\/www.locacaodemaquinas.com.br\/site\/wp-json\/wp\/v2\/product"}],"about":[{"href":"http:\/\/www.locacaodemaquinas.com.br\/site\/wp-json\/wp\/v2\/types\/product"}],"replies":[{"embeddable":true,"href":"http:\/\/www.locacaodemaquinas.com.br\/site\/wp-json\/wp\/v2\/comments?post=3369"}],"wp:featuredmedia":[{"embeddable":true,"href":"http:\/\/www.locacaodemaquinas.com.br\/site\/wp-json\/wp\/v2\/media\/3371"}],"wp:attachment":[{"href":"http:\/\/www.locacaodemaquinas.com.br\/site\/wp-json\/wp\/v2\/media?parent=3369"}],"wp:term":[{"taxonomy":"product_cat","embeddable":true,"href":"http:\/\/www.locacaodemaquinas.com.br\/site\/wp-json\/wp\/v2\/product_cat?post=3369"},{"taxonomy":"product_tag","embeddable":true,"href":"http:\/\/www.locacaodemaquinas.com.br\/site\/wp-json\/wp\/v2\/product_tag?post=3369"}],"curies":[{"name":"wp","href":"https:\/\/api.w.org\/{rel}","templated":true}]}}